{"id":1001,"date":"2022-01-03T16:48:35","date_gmt":"2022-01-03T15:48:35","guid":{"rendered":"https:\/\/deibele.eu\/rastadt\/?page_id=1001"},"modified":"2022-01-03T17:14:12","modified_gmt":"2022-01-03T16:14:12","slug":"reise-nach-odessa","status":"publish","type":"page","link":"https:\/\/deibele.eu\/rastadt\/reise-nach-odessa\/","title":{"rendered":"Reise nach Odessa"},"content":{"rendered":"<h4>Rast\u00e4dter bei einem Stadtausflug in Odessa gegen Ende der 1930er Jahre.<\/h4>\n<p>&nbsp;<br \/>\n<img loading=\"lazy\" decoding=\"async\" class=\"aligncenter size-full wp-image-1003\" src=\"https:\/\/deibele.eu\/rastadt\/wp-content\/uploads\/2022\/01\/weinberger-img023-1000.jpg\" alt=\"Rast\u00e4dter bei einem Stadtausflug in Odessa gegen Ende der 1930er Jahre. Bildmaterial: Teofilia Bader, ehem. Tschmiel, geb. Anton.\" width=\"1000\" height=\"717\" srcset=\"https:\/\/deibele.eu\/rastadt\/wp-content\/uploads\/2022\/01\/weinberger-img023-1000.jpg 1000w, https:\/\/deibele.eu\/rastadt\/wp-content\/uploads\/2022\/01\/weinberger-img023-1000-300x215.jpg 300w, https:\/\/deibele.eu\/rastadt\/wp-content\/uploads\/2022\/01\/weinberger-img023-1000-768x551.jpg 768w, https:\/\/deibele.eu\/rastadt\/wp-content\/uploads\/2022\/01\/weinberger-img023-1000-209x150.jpg 209w, https:\/\/deibele.eu\/rastadt\/wp-content\/uploads\/2022\/01\/weinberger-img023-1000-150x108.jpg 150w\" sizes=\"(max-width: 1000px) 100vw, 1000px\" \/><\/p>\n<p>&#8222;Anbei sende ich Ihnen ein weiteres Foto zur Erg\u00e4nzung und freien Verwendung. Darauf abgebildet sind Rast\u00e4dter bei einem Stadtausflug in Odessa gegen Ende der 1930er Jahre. Ich habe das Bildmaterial von meiner Gro\u00dfmutter Teofilia Bader, ehem. Tschmiel, geb. Anton.&#8220;&nbsp; (zur Verf\u00fcgung gestellt von Anton Schneider, Hamburg)<\/p>\n<p style=\"text-align: center;\">&nbsp;<\/p>\n","protected":false},"excerpt":{"rendered":"<p>Rast\u00e4dter bei einem Stadtausflug in Odessa gegen Ende der 1930er Jahre. &nbsp; &#8222;Anbei sende ich Ihnen ein weiteres Foto zur Erg\u00e4nzung und freien Verwendung. Darauf abgebildet sind Rast\u00e4dter bei einem Stadtausflug in Odessa gegen Ende der 1930er Jahre. Ich habe das Bildmaterial von meiner Gro\u00dfmutter Teofilia Bader, ehem. Tschmiel, geb.\u2026<\/p>\n<p class=\"continue-reading-button\"> <a class=\"continue-reading-link\" href=\"https:\/\/deibele.eu\/rastadt\/reise-nach-odessa\/\">Continue reading<i class=\"crycon-right-dir\"><\/i><\/a><\/p>\n","protected":false},"author":1,"featured_media":0,"parent":0,"menu_order":0,"comment_status":"closed","ping_status":"closed","template":"","meta":{"ngg_post_thumbnail":0,"footnotes":""},"yoast_head":"<!-- This site is optimized with the Yoast SEO plugin v22.0 - https:\/\/yoast.com\/wordpress\/plugins\/seo\/ -->\n<title>Reise nach Odessa - Rastadt (Beresan) Ahnenforschung<\/title>\n<meta name=\"robots\" content=\"index, follow, max-snippet:-1, max-image-preview:large, max-video-preview:-1\" \/>\n<link rel=\"canonical\" href=\"https:\/\/deibele.eu\/rastadt\/reise-nach-odessa\/\" \/>\n<meta property=\"og:locale\" content=\"de_DE\" \/>\n<meta property=\"og:type\" content=\"article\" \/>\n<meta property=\"og:title\" content=\"Reise nach Odessa - Rastadt (Beresan) Ahnenforschung\" \/>\n<meta property=\"og:description\" content=\"Rast\u00e4dter bei einem Stadtausflug in Odessa gegen Ende der 1930er Jahre. &nbsp; &#8222;Anbei sende ich Ihnen ein weiteres Foto zur Erg\u00e4nzung und freien Verwendung. Darauf abgebildet sind Rast\u00e4dter bei einem Stadtausflug in Odessa gegen Ende der 1930er Jahre. Ich habe das Bildmaterial von meiner Gro\u00dfmutter Teofilia Bader, ehem. Tschmiel, geb.\u2026 Continue reading\" \/>\n<meta property=\"og:url\" content=\"https:\/\/deibele.eu\/rastadt\/reise-nach-odessa\/\" \/>\n<meta property=\"og:site_name\" content=\"Rastadt (Beresan) Ahnenforschung\" \/>\n<meta property=\"article:modified_time\" content=\"2022-01-03T16:14:12+00:00\" \/>\n<meta property=\"og:image\" content=\"https:\/\/deibele.eu\/rastadt\/wp-content\/uploads\/2022\/01\/weinberger-img023-1000.jpg\" \/>\n<meta name=\"twitter:card\" content=\"summary_large_image\" \/>\n<meta name=\"twitter:label1\" content=\"Gesch\u00e4tzte Lesezeit\" \/>\n\t<meta name=\"twitter:data1\" content=\"1\u00a0Minute\" \/>\n<script type=\"application\/ld+json\" class=\"yoast-schema-graph\">{\"@context\":\"https:\/\/schema.org\",\"@graph\":[{\"@type\":\"WebPage\",\"@id\":\"https:\/\/deibele.eu\/rastadt\/reise-nach-odessa\/\",\"url\":\"https:\/\/deibele.eu\/rastadt\/reise-nach-odessa\/\",\"name\":\"Reise nach Odessa - Rastadt (Beresan) Ahnenforschung\",\"isPartOf\":{\"@id\":\"https:\/\/deibele.eu\/rastadt\/#website\"},\"datePublished\":\"2022-01-03T15:48:35+00:00\",\"dateModified\":\"2022-01-03T16:14:12+00:00\",\"breadcrumb\":{\"@id\":\"https:\/\/deibele.eu\/rastadt\/reise-nach-odessa\/#breadcrumb\"},\"inLanguage\":\"de\",\"potentialAction\":[{\"@type\":\"ReadAction\",\"target\":[\"https:\/\/deibele.eu\/rastadt\/reise-nach-odessa\/\"]}]},{\"@type\":\"BreadcrumbList\",\"@id\":\"https:\/\/deibele.eu\/rastadt\/reise-nach-odessa\/#breadcrumb\",\"itemListElement\":[{\"@type\":\"ListItem\",\"position\":1,\"name\":\"Startseite\",\"item\":\"https:\/\/deibele.eu\/rastadt\/\"},{\"@type\":\"ListItem\",\"position\":2,\"name\":\"Reise nach Odessa\"}]},{\"@type\":\"WebSite\",\"@id\":\"https:\/\/deibele.eu\/rastadt\/#website\",\"url\":\"https:\/\/deibele.eu\/rastadt\/\",\"name\":\"Rastadt (Beresan) Ahnenforschung\",\"description\":\"Familien und Ortspl\u00e4ne, Geschichte\",\"potentialAction\":[{\"@type\":\"SearchAction\",\"target\":{\"@type\":\"EntryPoint\",\"urlTemplate\":\"https:\/\/deibele.eu\/rastadt\/?s={search_term_string}\"},\"query-input\":\"required name=search_term_string\"}],\"inLanguage\":\"de\"}]}<\/script>\n<!-- \/ Yoast SEO plugin. -->","yoast_head_json":{"title":"Reise nach Odessa - Rastadt (Beresan) Ahnenforschung","robots":{"index":"index","follow":"follow","max-snippet":"max-snippet:-1","max-image-preview":"max-image-preview:large","max-video-preview":"max-video-preview:-1"},"canonical":"https:\/\/deibele.eu\/rastadt\/reise-nach-odessa\/","og_locale":"de_DE","og_type":"article","og_title":"Reise nach Odessa - Rastadt (Beresan) Ahnenforschung","og_description":"Rast\u00e4dter bei einem Stadtausflug in Odessa gegen Ende der 1930er Jahre. &nbsp; &#8222;Anbei sende ich Ihnen ein weiteres Foto zur Erg\u00e4nzung und freien Verwendung. Darauf abgebildet sind Rast\u00e4dter bei einem Stadtausflug in Odessa gegen Ende der 1930er Jahre. Ich habe das Bildmaterial von meiner Gro\u00dfmutter Teofilia Bader, ehem. Tschmiel, geb.\u2026 Continue reading","og_url":"https:\/\/deibele.eu\/rastadt\/reise-nach-odessa\/","og_site_name":"Rastadt (Beresan) Ahnenforschung","article_modified_time":"2022-01-03T16:14:12+00:00","og_image":[{"url":"https:\/\/deibele.eu\/rastadt\/wp-content\/uploads\/2022\/01\/weinberger-img023-1000.jpg"}],"twitter_card":"summary_large_image","twitter_misc":{"Gesch\u00e4tzte Lesezeit":"1\u00a0Minute"},"schema":{"@context":"https:\/\/schema.org","@graph":[{"@type":"WebPage","@id":"https:\/\/deibele.eu\/rastadt\/reise-nach-odessa\/","url":"https:\/\/deibele.eu\/rastadt\/reise-nach-odessa\/","name":"Reise nach Odessa - Rastadt (Beresan) Ahnenforschung","isPartOf":{"@id":"https:\/\/deibele.eu\/rastadt\/#website"},"datePublished":"2022-01-03T15:48:35+00:00","dateModified":"2022-01-03T16:14:12+00:00","breadcrumb":{"@id":"https:\/\/deibele.eu\/rastadt\/reise-nach-odessa\/#breadcrumb"},"inLanguage":"de","potentialAction":[{"@type":"ReadAction","target":["https:\/\/deibele.eu\/rastadt\/reise-nach-odessa\/"]}]},{"@type":"BreadcrumbList","@id":"https:\/\/deibele.eu\/rastadt\/reise-nach-odessa\/#breadcrumb","itemListElement":[{"@type":"ListItem","position":1,"name":"Startseite","item":"https:\/\/deibele.eu\/rastadt\/"},{"@type":"ListItem","position":2,"name":"Reise nach Odessa"}]},{"@type":"WebSite","@id":"https:\/\/deibele.eu\/rastadt\/#website","url":"https:\/\/deibele.eu\/rastadt\/","name":"Rastadt (Beresan) Ahnenforschung","description":"Familien und Ortspl\u00e4ne, Geschichte","potentialAction":[{"@type":"SearchAction","target":{"@type":"EntryPoint","urlTemplate":"https:\/\/deibele.eu\/rastadt\/?s={search_term_string}"},"query-input":"required name=search_term_string"}],"inLanguage":"de"}]}},"_links":{"self":[{"href":"https:\/\/deibele.eu\/rastadt\/wp-json\/wp\/v2\/pages\/1001"}],"collection":[{"href":"https:\/\/deibele.eu\/rastadt\/wp-json\/wp\/v2\/pages"}],"about":[{"href":"https:\/\/deibele.eu\/rastadt\/wp-json\/wp\/v2\/types\/page"}],"author":[{"embeddable":true,"href":"https:\/\/deibele.eu\/rastadt\/wp-json\/wp\/v2\/users\/1"}],"replies":[{"embeddable":true,"href":"https:\/\/deibele.eu\/rastadt\/wp-json\/wp\/v2\/comments?post=1001"}],"version-history":[{"count":10,"href":"https:\/\/deibele.eu\/rastadt\/wp-json\/wp\/v2\/pages\/1001\/revisions"}],"predecessor-version":[{"id":1013,"href":"https:\/\/deibele.eu\/rastadt\/wp-json\/wp\/v2\/pages\/1001\/revisions\/1013"}],"wp:attachment":[{"href":"https:\/\/deibele.eu\/rastadt\/wp-json\/wp\/v2\/media?parent=1001"}],"curies":[{"name":"wp","href":"https:\/\/api.w.org\/{rel}","templated":true}]}}