{"id":14,"date":"2020-12-03T11:03:08","date_gmt":"2020-12-03T10:03:08","guid":{"rendered":"https:\/\/deibele.eu\/rastadt\/?page_id=14"},"modified":"2020-12-09T16:51:33","modified_gmt":"2020-12-09T15:51:33","slug":"verhaftungen-vor-1941","status":"publish","type":"page","link":"https:\/\/deibele.eu\/rastadt\/verhaftungen-vor-1941\/","title":{"rendered":"Verhaftungen"},"content":{"rendered":"<blockquote>\n<p style=\"text-align: left;\" align=\"center\">&#8230;.. wurden die Schwarzmeerdeutschen der Spionage und der Konterrevolution verd\u00e4chtigt. Die meisten deutschen Familien waren von Verhaftungen und Verbannungen betroffen. 1936 wurden alle deutschen Schulen in der Ukraine geschlossen, Lehrkr\u00e4fte wurden verhaftet und Ukrainisch wurde als Unterrichtssprache eingef\u00fchrt. Die Religionsverfolgungen unter Stalin hatten katastrophale Folgen f\u00fcr das kirchliche Leben der Schwarzmeerdeutschen. Kirchen und Gebetsh\u00e4user wurden geschlossen und teilweise auch abgerissen. Geistliche wurden verschleppt und erschossen (siehe <a href=\"https:\/\/de.wikipedia.org\/wiki\/Schwarzmeerdeutsche#Verfolgungen_in_den_1930er_Jahren\">Wikipedia<\/a>)<em><br \/>\n<\/em><\/p>\n<\/blockquote>\n<p class=\"Stil3\" style=\"text-align: left;\" align=\"center\">Diese handschriftlichen Aufzeichnungen \u00fcber Verhaftungen und Verschleppungen in Rastadt stammen von Emilie Belitzer, geb. Lerner.<br \/>\nSie stammt aus Rastadt und hat diese Liste 1996 im Alter von 88 Jahren erstellt.<\/p>\n<p align=\"center\"><img loading=\"lazy\" decoding=\"async\" class=\"alignnone size-full wp-image-184\" src=\"https:\/\/deibele.eu\/rastadt\/wp-content\/uploads\/2020\/12\/verhaftungen-1.jpg\" alt=\"\" width=\"554\" height=\"300\" srcset=\"https:\/\/deibele.eu\/rastadt\/wp-content\/uploads\/2020\/12\/verhaftungen-1.jpg 554w, https:\/\/deibele.eu\/rastadt\/wp-content\/uploads\/2020\/12\/verhaftungen-1-300x162.jpg 300w, https:\/\/deibele.eu\/rastadt\/wp-content\/uploads\/2020\/12\/verhaftungen-1-250x135.jpg 250w, https:\/\/deibele.eu\/rastadt\/wp-content\/uploads\/2020\/12\/verhaftungen-1-150x81.jpg 150w\" sizes=\"(max-width: 554px) 100vw, 554px\" \/><\/p>\n<p align=\"center\">&nbsp;[Zoomen mit Mausklick auf die Vorschaubilder]<br \/>\n<!-- default-view.php -->\n<div\n\tclass=\"ngg-galleryoverview default-view \n\t\t\"\n\tid=\"ngg-gallery-48267de40e2b4639a6003ad36cca17f1-1\">\n\n\t\t<!-- Thumbnails -->\n\t\t\t\t<div id=\"ngg-image-0\" class=\"ngg-gallery-thumbnail-box \n\t\t\t\t\t\t\t\t\t\t\t\" \n\t\t\t>\n\t\t\t\t\t\t<div class=\"ngg-gallery-thumbnail\">\n\t\t\t<a href=\"https:\/\/deibele.eu\/rastadt\/wp-content\/gallery\/verhaftungen\/verhaftungen-6.jpg\"\n\t\t\t\ttitle=\"\"\n\t\t\t\tdata-src=\"https:\/\/deibele.eu\/rastadt\/wp-content\/gallery\/verhaftungen\/verhaftungen-6.jpg\"\n\t\t\t\tdata-thumbnail=\"https:\/\/deibele.eu\/rastadt\/wp-content\/gallery\/verhaftungen\/thumbs\/thumbs_verhaftungen-6.jpg\"\n\t\t\t\tdata-image-id=\"1\"\n\t\t\t\tdata-title=\"verhaftungen-6\"\n\t\t\t\tdata-description=\"\"\n\t\t\t\tdata-image-slug=\"verhaftungen-6\"\n\t\t\t\tclass=\"ngg-fancybox\" rel=\"48267de40e2b4639a6003ad36cca17f1\">\n\t\t\t\t<img\n\t\t\t\t\ttitle=\"verhaftungen-6\"\n\t\t\t\t\talt=\"verhaftungen-6\"\n\t\t\t\t\tsrc=\"https:\/\/deibele.eu\/rastadt\/wp-content\/gallery\/verhaftungen\/thumbs\/thumbs_verhaftungen-6.jpg\"\n\t\t\t\t\twidth=\"300\"\n\t\t\t\t\theight=\"200\"\n\t\t\t\t\tstyle=\"max-width:100%;\"\n\t\t\t\t\/>\n\t\t\t<\/a>\n\t\t<\/div>\n\t\t\t\t\t\t\t<\/div> \n\t\t\t\n\t\t\t\t<div id=\"ngg-image-1\" class=\"ngg-gallery-thumbnail-box \n\t\t\t\t\t\t\t\t\t\t\t\" \n\t\t\t>\n\t\t\t\t\t\t<div class=\"ngg-gallery-thumbnail\">\n\t\t\t<a href=\"https:\/\/deibele.eu\/rastadt\/wp-content\/gallery\/verhaftungen\/verhaftungen-3.jpg\"\n\t\t\t\ttitle=\"\"\n\t\t\t\tdata-src=\"https:\/\/deibele.eu\/rastadt\/wp-content\/gallery\/verhaftungen\/verhaftungen-3.jpg\"\n\t\t\t\tdata-thumbnail=\"https:\/\/deibele.eu\/rastadt\/wp-content\/gallery\/verhaftungen\/thumbs\/thumbs_verhaftungen-3.jpg\"\n\t\t\t\tdata-image-id=\"2\"\n\t\t\t\tdata-title=\"verhaftungen-3\"\n\t\t\t\tdata-description=\"\"\n\t\t\t\tdata-image-slug=\"verhaftungen-3\"\n\t\t\t\tclass=\"ngg-fancybox\" rel=\"48267de40e2b4639a6003ad36cca17f1\">\n\t\t\t\t<img\n\t\t\t\t\ttitle=\"verhaftungen-3\"\n\t\t\t\t\talt=\"verhaftungen-3\"\n\t\t\t\t\tsrc=\"https:\/\/deibele.eu\/rastadt\/wp-content\/gallery\/verhaftungen\/thumbs\/thumbs_verhaftungen-3.jpg\"\n\t\t\t\t\twidth=\"300\"\n\t\t\t\t\theight=\"200\"\n\t\t\t\t\tstyle=\"max-width:100%;\"\n\t\t\t\t\/>\n\t\t\t<\/a>\n\t\t<\/div>\n\t\t\t\t\t\t\t<\/div> \n\t\t\t\n\t\t\t\t<div id=\"ngg-image-2\" class=\"ngg-gallery-thumbnail-box \n\t\t\t\t\t\t\t\t\t\t\t\" \n\t\t\t>\n\t\t\t\t\t\t<div class=\"ngg-gallery-thumbnail\">\n\t\t\t<a href=\"https:\/\/deibele.eu\/rastadt\/wp-content\/gallery\/verhaftungen\/verhaftungen-2.jpg\"\n\t\t\t\ttitle=\"\"\n\t\t\t\tdata-src=\"https:\/\/deibele.eu\/rastadt\/wp-content\/gallery\/verhaftungen\/verhaftungen-2.jpg\"\n\t\t\t\tdata-thumbnail=\"https:\/\/deibele.eu\/rastadt\/wp-content\/gallery\/verhaftungen\/thumbs\/thumbs_verhaftungen-2.jpg\"\n\t\t\t\tdata-image-id=\"3\"\n\t\t\t\tdata-title=\"verhaftungen-2\"\n\t\t\t\tdata-description=\"\"\n\t\t\t\tdata-image-slug=\"verhaftungen-2\"\n\t\t\t\tclass=\"ngg-fancybox\" rel=\"48267de40e2b4639a6003ad36cca17f1\">\n\t\t\t\t<img\n\t\t\t\t\ttitle=\"verhaftungen-2\"\n\t\t\t\t\talt=\"verhaftungen-2\"\n\t\t\t\t\tsrc=\"https:\/\/deibele.eu\/rastadt\/wp-content\/gallery\/verhaftungen\/thumbs\/thumbs_verhaftungen-2.jpg\"\n\t\t\t\t\twidth=\"300\"\n\t\t\t\t\theight=\"200\"\n\t\t\t\t\tstyle=\"max-width:100%;\"\n\t\t\t\t\/>\n\t\t\t<\/a>\n\t\t<\/div>\n\t\t\t\t\t\t\t<\/div> \n\t\t\t\n\t\t\t\t<div id=\"ngg-image-3\" class=\"ngg-gallery-thumbnail-box \n\t\t\t\t\t\t\t\t\t\t\t\" \n\t\t\t>\n\t\t\t\t\t\t<div class=\"ngg-gallery-thumbnail\">\n\t\t\t<a href=\"https:\/\/deibele.eu\/rastadt\/wp-content\/gallery\/verhaftungen\/verhaftungen-5.jpg\"\n\t\t\t\ttitle=\"\"\n\t\t\t\tdata-src=\"https:\/\/deibele.eu\/rastadt\/wp-content\/gallery\/verhaftungen\/verhaftungen-5.jpg\"\n\t\t\t\tdata-thumbnail=\"https:\/\/deibele.eu\/rastadt\/wp-content\/gallery\/verhaftungen\/thumbs\/thumbs_verhaftungen-5.jpg\"\n\t\t\t\tdata-image-id=\"4\"\n\t\t\t\tdata-title=\"verhaftungen-5\"\n\t\t\t\tdata-description=\"\"\n\t\t\t\tdata-image-slug=\"verhaftungen-5\"\n\t\t\t\tclass=\"ngg-fancybox\" rel=\"48267de40e2b4639a6003ad36cca17f1\">\n\t\t\t\t<img\n\t\t\t\t\ttitle=\"verhaftungen-5\"\n\t\t\t\t\talt=\"verhaftungen-5\"\n\t\t\t\t\tsrc=\"https:\/\/deibele.eu\/rastadt\/wp-content\/gallery\/verhaftungen\/thumbs\/thumbs_verhaftungen-5.jpg\"\n\t\t\t\t\twidth=\"300\"\n\t\t\t\t\theight=\"200\"\n\t\t\t\t\tstyle=\"max-width:100%;\"\n\t\t\t\t\/>\n\t\t\t<\/a>\n\t\t<\/div>\n\t\t\t\t\t\t\t<\/div> \n\t\t\t\n\t\t\t\t<div id=\"ngg-image-4\" class=\"ngg-gallery-thumbnail-box \n\t\t\t\t\t\t\t\t\t\t\t\" \n\t\t\t>\n\t\t\t\t\t\t<div class=\"ngg-gallery-thumbnail\">\n\t\t\t<a href=\"https:\/\/deibele.eu\/rastadt\/wp-content\/gallery\/verhaftungen\/verhaftungen-4.jpg\"\n\t\t\t\ttitle=\"\"\n\t\t\t\tdata-src=\"https:\/\/deibele.eu\/rastadt\/wp-content\/gallery\/verhaftungen\/verhaftungen-4.jpg\"\n\t\t\t\tdata-thumbnail=\"https:\/\/deibele.eu\/rastadt\/wp-content\/gallery\/verhaftungen\/thumbs\/thumbs_verhaftungen-4.jpg\"\n\t\t\t\tdata-image-id=\"5\"\n\t\t\t\tdata-title=\"verhaftungen-4\"\n\t\t\t\tdata-description=\"\"\n\t\t\t\tdata-image-slug=\"verhaftungen-4\"\n\t\t\t\tclass=\"ngg-fancybox\" rel=\"48267de40e2b4639a6003ad36cca17f1\">\n\t\t\t\t<img\n\t\t\t\t\ttitle=\"verhaftungen-4\"\n\t\t\t\t\talt=\"verhaftungen-4\"\n\t\t\t\t\tsrc=\"https:\/\/deibele.eu\/rastadt\/wp-content\/gallery\/verhaftungen\/thumbs\/thumbs_verhaftungen-4.jpg\"\n\t\t\t\t\twidth=\"300\"\n\t\t\t\t\theight=\"200\"\n\t\t\t\t\tstyle=\"max-width:100%;\"\n\t\t\t\t\/>\n\t\t\t<\/a>\n\t\t<\/div>\n\t\t\t\t\t\t\t<\/div> \n\t\t\t\n\t\n\t<br style=\"clear: both\" \/>\n\n\t\n\t\t<!-- Pagination -->\n\t\t<div class='ngg-clear'><\/div>\t<\/div>\n<\/p>\n<p align=\"center\">&nbsp;<\/p>\n","protected":false},"excerpt":{"rendered":"<p>&#8230;.. wurden die Schwarzmeerdeutschen der Spionage und der Konterrevolution verd\u00e4chtigt. Die meisten deutschen Familien waren von Verhaftungen und Verbannungen betroffen. 1936 wurden alle deutschen Schulen in der Ukraine geschlossen, Lehrkr\u00e4fte wurden verhaftet und Ukrainisch wurde als Unterrichtssprache eingef\u00fchrt. Die Religionsverfolgungen unter Stalin hatten katastrophale Folgen f\u00fcr das kirchliche Leben der\u2026<\/p>\n<p class=\"continue-reading-button\"> <a class=\"continue-reading-link\" href=\"https:\/\/deibele.eu\/rastadt\/verhaftungen-vor-1941\/\">Continue reading<i class=\"crycon-right-dir\"><\/i><\/a><\/p>\n","protected":false},"author":1,"featured_media":0,"parent":0,"menu_order":0,"comment_status":"closed","ping_status":"closed","template":"","meta":{"ngg_post_thumbnail":0,"footnotes":""},"yoast_head":"<!-- This site is optimized with the Yoast SEO plugin v22.0 - https:\/\/yoast.com\/wordpress\/plugins\/seo\/ -->\n<title>Verhaftungen - Rastadt (Beresan) Ahnenforschung<\/title>\n<meta name=\"robots\" content=\"index, follow, max-snippet:-1, max-image-preview:large, max-video-preview:-1\" \/>\n<link rel=\"canonical\" href=\"https:\/\/deibele.eu\/rastadt\/verhaftungen-vor-1941\/\" \/>\n<meta property=\"og:locale\" content=\"de_DE\" \/>\n<meta property=\"og:type\" content=\"article\" \/>\n<meta property=\"og:title\" content=\"Verhaftungen - Rastadt (Beresan) Ahnenforschung\" \/>\n<meta property=\"og:description\" content=\"&#8230;.. wurden die Schwarzmeerdeutschen der Spionage und der Konterrevolution verd\u00e4chtigt. Die meisten deutschen Familien waren von Verhaftungen und Verbannungen betroffen. 1936 wurden alle deutschen Schulen in der Ukraine geschlossen, Lehrkr\u00e4fte wurden verhaftet und Ukrainisch wurde als Unterrichtssprache eingef\u00fchrt. Die Religionsverfolgungen unter Stalin hatten katastrophale Folgen f\u00fcr das kirchliche Leben der\u2026 Continue reading\" \/>\n<meta property=\"og:url\" content=\"https:\/\/deibele.eu\/rastadt\/verhaftungen-vor-1941\/\" \/>\n<meta property=\"og:site_name\" content=\"Rastadt (Beresan) Ahnenforschung\" \/>\n<meta property=\"article:modified_time\" content=\"2020-12-09T15:51:33+00:00\" \/>\n<meta property=\"og:image\" content=\"https:\/\/deibele.eu\/rastadt\/wp-content\/uploads\/2020\/12\/verhaftungen-1.jpg\" \/>\n<meta name=\"twitter:card\" content=\"summary_large_image\" \/>\n<meta name=\"twitter:label1\" content=\"Gesch\u00e4tzte Lesezeit\" \/>\n\t<meta name=\"twitter:data1\" content=\"1\u00a0Minute\" \/>\n<script type=\"application\/ld+json\" class=\"yoast-schema-graph\">{\"@context\":\"https:\/\/schema.org\",\"@graph\":[{\"@type\":\"WebPage\",\"@id\":\"https:\/\/deibele.eu\/rastadt\/verhaftungen-vor-1941\/\",\"url\":\"https:\/\/deibele.eu\/rastadt\/verhaftungen-vor-1941\/\",\"name\":\"Verhaftungen - Rastadt (Beresan) Ahnenforschung\",\"isPartOf\":{\"@id\":\"https:\/\/deibele.eu\/rastadt\/#website\"},\"datePublished\":\"2020-12-03T10:03:08+00:00\",\"dateModified\":\"2020-12-09T15:51:33+00:00\",\"breadcrumb\":{\"@id\":\"https:\/\/deibele.eu\/rastadt\/verhaftungen-vor-1941\/#breadcrumb\"},\"inLanguage\":\"de\",\"potentialAction\":[{\"@type\":\"ReadAction\",\"target\":[\"https:\/\/deibele.eu\/rastadt\/verhaftungen-vor-1941\/\"]}]},{\"@type\":\"BreadcrumbList\",\"@id\":\"https:\/\/deibele.eu\/rastadt\/verhaftungen-vor-1941\/#breadcrumb\",\"itemListElement\":[{\"@type\":\"ListItem\",\"position\":1,\"name\":\"Startseite\",\"item\":\"https:\/\/deibele.eu\/rastadt\/\"},{\"@type\":\"ListItem\",\"position\":2,\"name\":\"Verhaftungen\"}]},{\"@type\":\"WebSite\",\"@id\":\"https:\/\/deibele.eu\/rastadt\/#website\",\"url\":\"https:\/\/deibele.eu\/rastadt\/\",\"name\":\"Rastadt (Beresan) Ahnenforschung\",\"description\":\"Familien und Ortspl\u00e4ne, Geschichte\",\"potentialAction\":[{\"@type\":\"SearchAction\",\"target\":{\"@type\":\"EntryPoint\",\"urlTemplate\":\"https:\/\/deibele.eu\/rastadt\/?s={search_term_string}\"},\"query-input\":\"required name=search_term_string\"}],\"inLanguage\":\"de\"}]}<\/script>\n<!-- \/ Yoast SEO plugin. -->","yoast_head_json":{"title":"Verhaftungen - Rastadt (Beresan) Ahnenforschung","robots":{"index":"index","follow":"follow","max-snippet":"max-snippet:-1","max-image-preview":"max-image-preview:large","max-video-preview":"max-video-preview:-1"},"canonical":"https:\/\/deibele.eu\/rastadt\/verhaftungen-vor-1941\/","og_locale":"de_DE","og_type":"article","og_title":"Verhaftungen - Rastadt (Beresan) Ahnenforschung","og_description":"&#8230;.. wurden die Schwarzmeerdeutschen der Spionage und der Konterrevolution verd\u00e4chtigt. Die meisten deutschen Familien waren von Verhaftungen und Verbannungen betroffen. 1936 wurden alle deutschen Schulen in der Ukraine geschlossen, Lehrkr\u00e4fte wurden verhaftet und Ukrainisch wurde als Unterrichtssprache eingef\u00fchrt. Die Religionsverfolgungen unter Stalin hatten katastrophale Folgen f\u00fcr das kirchliche Leben der\u2026 Continue reading","og_url":"https:\/\/deibele.eu\/rastadt\/verhaftungen-vor-1941\/","og_site_name":"Rastadt (Beresan) Ahnenforschung","article_modified_time":"2020-12-09T15:51:33+00:00","og_image":[{"url":"https:\/\/deibele.eu\/rastadt\/wp-content\/uploads\/2020\/12\/verhaftungen-1.jpg"}],"twitter_card":"summary_large_image","twitter_misc":{"Gesch\u00e4tzte Lesezeit":"1\u00a0Minute"},"schema":{"@context":"https:\/\/schema.org","@graph":[{"@type":"WebPage","@id":"https:\/\/deibele.eu\/rastadt\/verhaftungen-vor-1941\/","url":"https:\/\/deibele.eu\/rastadt\/verhaftungen-vor-1941\/","name":"Verhaftungen - Rastadt (Beresan) Ahnenforschung","isPartOf":{"@id":"https:\/\/deibele.eu\/rastadt\/#website"},"datePublished":"2020-12-03T10:03:08+00:00","dateModified":"2020-12-09T15:51:33+00:00","breadcrumb":{"@id":"https:\/\/deibele.eu\/rastadt\/verhaftungen-vor-1941\/#breadcrumb"},"inLanguage":"de","potentialAction":[{"@type":"ReadAction","target":["https:\/\/deibele.eu\/rastadt\/verhaftungen-vor-1941\/"]}]},{"@type":"BreadcrumbList","@id":"https:\/\/deibele.eu\/rastadt\/verhaftungen-vor-1941\/#breadcrumb","itemListElement":[{"@type":"ListItem","position":1,"name":"Startseite","item":"https:\/\/deibele.eu\/rastadt\/"},{"@type":"ListItem","position":2,"name":"Verhaftungen"}]},{"@type":"WebSite","@id":"https:\/\/deibele.eu\/rastadt\/#website","url":"https:\/\/deibele.eu\/rastadt\/","name":"Rastadt (Beresan) Ahnenforschung","description":"Familien und Ortspl\u00e4ne, Geschichte","potentialAction":[{"@type":"SearchAction","target":{"@type":"EntryPoint","urlTemplate":"https:\/\/deibele.eu\/rastadt\/?s={search_term_string}"},"query-input":"required name=search_term_string"}],"inLanguage":"de"}]}},"_links":{"self":[{"href":"https:\/\/deibele.eu\/rastadt\/wp-json\/wp\/v2\/pages\/14"}],"collection":[{"href":"https:\/\/deibele.eu\/rastadt\/wp-json\/wp\/v2\/pages"}],"about":[{"href":"https:\/\/deibele.eu\/rastadt\/wp-json\/wp\/v2\/types\/page"}],"author":[{"embeddable":true,"href":"https:\/\/deibele.eu\/rastadt\/wp-json\/wp\/v2\/users\/1"}],"replies":[{"embeddable":true,"href":"https:\/\/deibele.eu\/rastadt\/wp-json\/wp\/v2\/comments?post=14"}],"version-history":[{"count":15,"href":"https:\/\/deibele.eu\/rastadt\/wp-json\/wp\/v2\/pages\/14\/revisions"}],"predecessor-version":[{"id":783,"href":"https:\/\/deibele.eu\/rastadt\/wp-json\/wp\/v2\/pages\/14\/revisions\/783"}],"wp:attachment":[{"href":"https:\/\/deibele.eu\/rastadt\/wp-json\/wp\/v2\/media?parent=14"}],"curies":[{"name":"wp","href":"https:\/\/api.w.org\/{rel}","templated":true}]}}