{"id":306,"date":"2020-12-04T14:11:43","date_gmt":"2020-12-04T13:11:43","guid":{"rendered":"https:\/\/deibele.eu\/rastadt\/?page_id=306"},"modified":"2020-12-06T19:43:52","modified_gmt":"2020-12-06T18:43:52","slug":"kirche","status":"publish","type":"page","link":"https:\/\/deibele.eu\/rastadt\/kirche\/","title":{"rendered":"Kirche"},"content":{"rendered":"<p>Die Kirche in Rastadt<\/p>\n<div align=\"center\">\n<table id=\"AutoNumber1\" style=\"border-collapse: collapse;\" width=\"90%\" cellspacing=\"0\" cellpadding=\"0\" border=\"0\">\n<tbody>\n<tr>\n<td width=\"28%\">\n<p style=\"margin-top: 0; margin-bottom: 0;\" align=\"center\"><img loading=\"lazy\" decoding=\"async\" class=\"alignnone size-full wp-image-311\" src=\"https:\/\/deibele.eu\/rastadt\/wp-content\/uploads\/2020\/12\/Rastadt-Kirche-02.jpg\" alt=\"\" width=\"236\" height=\"378\" srcset=\"https:\/\/deibele.eu\/rastadt\/wp-content\/uploads\/2020\/12\/Rastadt-Kirche-02.jpg 236w, https:\/\/deibele.eu\/rastadt\/wp-content\/uploads\/2020\/12\/Rastadt-Kirche-02-187x300.jpg 187w, https:\/\/deibele.eu\/rastadt\/wp-content\/uploads\/2020\/12\/Rastadt-Kirche-02-94x150.jpg 94w\" sizes=\"(max-width: 236px) 100vw, 236px\" \/><\/p>\n<\/td>\n<td width=\"43%\">\n<p style=\"margin-top: 0; margin-bottom: 0;\" align=\"center\"><span class=\"Stil1\"><span class=\"Stil4\">&nbsp;<\/span><\/span><\/p>\n<p align=\"center\"><span class=\"MsoBodyText Stil2\">Der Doppelturm war 39,5 m hoch. Die spitzen Turmd\u00e4cher, sowie das Kirchendach waren mit Zinkblech gedeckt, die vier Glocken auf beide T\u00fcrme ungleich verteilt: die gr\u00f6\u00dfte Glocke war der Heiligen Jungfrau geweiht und hing in einem (linken) Turm f\u00fcr sich allein. Die Kirche war mit einer Steinmauer umfriedet, das Grundst\u00fcck mit B\u00e4umen und Str\u00e4uchern bepflanzt.<\/span><\/p>\n<p>Der Innenraum war von zwei S\u00e4ulenreihen, die aus je f\u00fcnf Vierkants\u00e4ulen bestanden, in drei Schiffe geteilt. Rechts vom Eingang f\u00fchrte eine Treppe zur 10 x 8 m gro\u00dfen Empore (Vorb\u00fchne). Dort stand die aus Deutschland oder \u00d6sterreich stammende Orgel, die im Jahre 1910 vom Orgelbauer Matthias Mauracher vergr\u00f6\u00dfert worden war.<\/td>\n<td width=\"29%\">\n<p class=\"MsoBodyText Stil2\"><img loading=\"lazy\" decoding=\"async\" class=\"size-medium wp-image-313 alignright\" src=\"https:\/\/deibele.eu\/rastadt\/wp-content\/uploads\/2020\/12\/Kirche-Altar-201x300.jpg\" alt=\"\" width=\"236\" height=\"378\"><\/p>\n<\/td>\n<\/tr>\n<\/tbody>\n<\/table>\n<p>&nbsp;<\/p>\n<\/div>\n<p>Im Seitenaltar (Antoniusaltar) standen die Plastiken der Heiligen: Antonius, Petrus und Paulus. Den zweiten Seitenaltar (Allerseelenaltar)schm\u00fcckten die Statuen der Mutter-Gottes, Johannes des T\u00e4ufers und des Johannes (J\u00fcnger).<br \/>\nDer aus Holz geschnitzte Taufstein stand vor dem Allerseelenaltar. Die Kanzel war im Mittelschiff an einer S\u00e4ule vorne links angebracht. Im Kirchenschiff waren noch weitere Holzplastiken aufgestellt: Herz Maria, Aloisius, Joseph, Philippus, Georgius, Agnes und Maria. \u00dcber dem Triumphbogen war von ausl\u00e4ndischen Malern (S\u00fcdtirol?) die Bergpredigt dargestellt. An heiligen Gef\u00e4\u00dfe waren vorhanden: Ciborium aus Gold, Monstranz und vergoldeter Kelch.<\/p>\n<p>Die Kirche wurde 1936 geschlossen, ihre Glocken heruntergeholt und die T\u00fcrme abgebrochen. Man profanierte sie zu einem Kinotheater, die Innenausstattung ging verloren.<\/p>\n<p>Vom 15. August 1941 bis September 1943 war die Kirche teilweise wiederhergestellt und diente der Andacht der Gemeinde; ein st\u00e4ndiger Priester war w\u00e4hrend dieser Zeit nicht in Rastadt. Die Kirche diente sp\u00e4ter zun\u00e4chst als Klubhaus, dann als Maschinenschuppen. Heute steht an der Stelle der Kirche ein Amthaus.<\/p>\n<p><img loading=\"lazy\" decoding=\"async\" class=\"alignnone size-full wp-image-539\" src=\"https:\/\/deibele.eu\/rastadt\/wp-content\/uploads\/2020\/12\/Entwurf_katholische_Kirche_Rastadt_Beresan.jpg\" alt=\"\" width=\"974\" height=\"853\" srcset=\"https:\/\/deibele.eu\/rastadt\/wp-content\/uploads\/2020\/12\/Entwurf_katholische_Kirche_Rastadt_Beresan.jpg 974w, https:\/\/deibele.eu\/rastadt\/wp-content\/uploads\/2020\/12\/Entwurf_katholische_Kirche_Rastadt_Beresan-300x263.jpg 300w, https:\/\/deibele.eu\/rastadt\/wp-content\/uploads\/2020\/12\/Entwurf_katholische_Kirche_Rastadt_Beresan-768x673.jpg 768w, https:\/\/deibele.eu\/rastadt\/wp-content\/uploads\/2020\/12\/Entwurf_katholische_Kirche_Rastadt_Beresan-171x150.jpg 171w, https:\/\/deibele.eu\/rastadt\/wp-content\/uploads\/2020\/12\/Entwurf_katholische_Kirche_Rastadt_Beresan-150x131.jpg 150w\" sizes=\"(max-width: 974px) 100vw, 974px\" \/>Entwurf der katholischen Kirche bei Rastadt (Kolonistenbezirk Beresan)&nbsp; \/ Quelle: <a href=\"https:\/\/de.wikipedia.org\/wiki\/Schwarzmeerdeutsche#\/media\/Datei:Entwurf_katholische_Kirche_Rastadt_Beresan.jpg\">Wikipedia<\/a><\/p>\n<p class=\"mw-mmv-credit mw-mmv-ttf-container mw-mmv-ttf-normal\">&nbsp;<\/p>\n<div class=\"mw-mmv-image-desc-div\">\n<p class=\"mw-mmv-image-desc\">&nbsp;<\/p>\n<\/div>\n","protected":false},"excerpt":{"rendered":"<p>Die Kirche in Rastadt &nbsp; Der Doppelturm war 39,5 m hoch. Die spitzen Turmd\u00e4cher, sowie das Kirchendach waren mit Zinkblech gedeckt, die vier Glocken auf beide T\u00fcrme ungleich verteilt: die gr\u00f6\u00dfte Glocke war der Heiligen Jungfrau geweiht und hing in einem (linken) Turm f\u00fcr sich allein. Die Kirche war mit\u2026<\/p>\n<p class=\"continue-reading-button\"> <a class=\"continue-reading-link\" href=\"https:\/\/deibele.eu\/rastadt\/kirche\/\">Continue reading<i class=\"crycon-right-dir\"><\/i><\/a><\/p>\n","protected":false},"author":1,"featured_media":0,"parent":0,"menu_order":0,"comment_status":"closed","ping_status":"closed","template":"","meta":{"ngg_post_thumbnail":0,"footnotes":""},"yoast_head":"<!-- This site is optimized with the Yoast SEO plugin v22.0 - https:\/\/yoast.com\/wordpress\/plugins\/seo\/ -->\n<title>Kirche - Rastadt (Beresan) Ahnenforschung<\/title>\n<meta name=\"robots\" content=\"index, follow, max-snippet:-1, max-image-preview:large, max-video-preview:-1\" \/>\n<link rel=\"canonical\" href=\"https:\/\/deibele.eu\/rastadt\/kirche\/\" \/>\n<meta property=\"og:locale\" content=\"de_DE\" \/>\n<meta property=\"og:type\" content=\"article\" \/>\n<meta property=\"og:title\" content=\"Kirche - Rastadt (Beresan) Ahnenforschung\" \/>\n<meta property=\"og:description\" content=\"Die Kirche in Rastadt &nbsp; Der Doppelturm war 39,5 m hoch. Die spitzen Turmd\u00e4cher, sowie das Kirchendach waren mit Zinkblech gedeckt, die vier Glocken auf beide T\u00fcrme ungleich verteilt: die gr\u00f6\u00dfte Glocke war der Heiligen Jungfrau geweiht und hing in einem (linken) Turm f\u00fcr sich allein. Die Kirche war mit\u2026 Continue reading\" \/>\n<meta property=\"og:url\" content=\"https:\/\/deibele.eu\/rastadt\/kirche\/\" \/>\n<meta property=\"og:site_name\" content=\"Rastadt (Beresan) Ahnenforschung\" \/>\n<meta property=\"article:modified_time\" content=\"2020-12-06T18:43:52+00:00\" \/>\n<meta property=\"og:image\" content=\"https:\/\/deibele.eu\/rastadt\/wp-content\/uploads\/2020\/12\/Rastadt-Kirche-02.jpg\" \/>\n<meta name=\"twitter:card\" content=\"summary_large_image\" \/>\n<meta name=\"twitter:label1\" content=\"Gesch\u00e4tzte Lesezeit\" \/>\n\t<meta name=\"twitter:data1\" content=\"1\u00a0Minute\" \/>\n<script type=\"application\/ld+json\" class=\"yoast-schema-graph\">{\"@context\":\"https:\/\/schema.org\",\"@graph\":[{\"@type\":\"WebPage\",\"@id\":\"https:\/\/deibele.eu\/rastadt\/kirche\/\",\"url\":\"https:\/\/deibele.eu\/rastadt\/kirche\/\",\"name\":\"Kirche - Rastadt (Beresan) Ahnenforschung\",\"isPartOf\":{\"@id\":\"https:\/\/deibele.eu\/rastadt\/#website\"},\"datePublished\":\"2020-12-04T13:11:43+00:00\",\"dateModified\":\"2020-12-06T18:43:52+00:00\",\"breadcrumb\":{\"@id\":\"https:\/\/deibele.eu\/rastadt\/kirche\/#breadcrumb\"},\"inLanguage\":\"de\",\"potentialAction\":[{\"@type\":\"ReadAction\",\"target\":[\"https:\/\/deibele.eu\/rastadt\/kirche\/\"]}]},{\"@type\":\"BreadcrumbList\",\"@id\":\"https:\/\/deibele.eu\/rastadt\/kirche\/#breadcrumb\",\"itemListElement\":[{\"@type\":\"ListItem\",\"position\":1,\"name\":\"Startseite\",\"item\":\"https:\/\/deibele.eu\/rastadt\/\"},{\"@type\":\"ListItem\",\"position\":2,\"name\":\"Kirche\"}]},{\"@type\":\"WebSite\",\"@id\":\"https:\/\/deibele.eu\/rastadt\/#website\",\"url\":\"https:\/\/deibele.eu\/rastadt\/\",\"name\":\"Rastadt (Beresan) Ahnenforschung\",\"description\":\"Familien und Ortspl\u00e4ne, Geschichte\",\"potentialAction\":[{\"@type\":\"SearchAction\",\"target\":{\"@type\":\"EntryPoint\",\"urlTemplate\":\"https:\/\/deibele.eu\/rastadt\/?s={search_term_string}\"},\"query-input\":\"required name=search_term_string\"}],\"inLanguage\":\"de\"}]}<\/script>\n<!-- \/ Yoast SEO plugin. -->","yoast_head_json":{"title":"Kirche - Rastadt (Beresan) Ahnenforschung","robots":{"index":"index","follow":"follow","max-snippet":"max-snippet:-1","max-image-preview":"max-image-preview:large","max-video-preview":"max-video-preview:-1"},"canonical":"https:\/\/deibele.eu\/rastadt\/kirche\/","og_locale":"de_DE","og_type":"article","og_title":"Kirche - Rastadt (Beresan) Ahnenforschung","og_description":"Die Kirche in Rastadt &nbsp; Der Doppelturm war 39,5 m hoch. Die spitzen Turmd\u00e4cher, sowie das Kirchendach waren mit Zinkblech gedeckt, die vier Glocken auf beide T\u00fcrme ungleich verteilt: die gr\u00f6\u00dfte Glocke war der Heiligen Jungfrau geweiht und hing in einem (linken) Turm f\u00fcr sich allein. Die Kirche war mit\u2026 Continue reading","og_url":"https:\/\/deibele.eu\/rastadt\/kirche\/","og_site_name":"Rastadt (Beresan) Ahnenforschung","article_modified_time":"2020-12-06T18:43:52+00:00","og_image":[{"url":"https:\/\/deibele.eu\/rastadt\/wp-content\/uploads\/2020\/12\/Rastadt-Kirche-02.jpg"}],"twitter_card":"summary_large_image","twitter_misc":{"Gesch\u00e4tzte Lesezeit":"1\u00a0Minute"},"schema":{"@context":"https:\/\/schema.org","@graph":[{"@type":"WebPage","@id":"https:\/\/deibele.eu\/rastadt\/kirche\/","url":"https:\/\/deibele.eu\/rastadt\/kirche\/","name":"Kirche - Rastadt (Beresan) Ahnenforschung","isPartOf":{"@id":"https:\/\/deibele.eu\/rastadt\/#website"},"datePublished":"2020-12-04T13:11:43+00:00","dateModified":"2020-12-06T18:43:52+00:00","breadcrumb":{"@id":"https:\/\/deibele.eu\/rastadt\/kirche\/#breadcrumb"},"inLanguage":"de","potentialAction":[{"@type":"ReadAction","target":["https:\/\/deibele.eu\/rastadt\/kirche\/"]}]},{"@type":"BreadcrumbList","@id":"https:\/\/deibele.eu\/rastadt\/kirche\/#breadcrumb","itemListElement":[{"@type":"ListItem","position":1,"name":"Startseite","item":"https:\/\/deibele.eu\/rastadt\/"},{"@type":"ListItem","position":2,"name":"Kirche"}]},{"@type":"WebSite","@id":"https:\/\/deibele.eu\/rastadt\/#website","url":"https:\/\/deibele.eu\/rastadt\/","name":"Rastadt (Beresan) Ahnenforschung","description":"Familien und Ortspl\u00e4ne, Geschichte","potentialAction":[{"@type":"SearchAction","target":{"@type":"EntryPoint","urlTemplate":"https:\/\/deibele.eu\/rastadt\/?s={search_term_string}"},"query-input":"required name=search_term_string"}],"inLanguage":"de"}]}},"_links":{"self":[{"href":"https:\/\/deibele.eu\/rastadt\/wp-json\/wp\/v2\/pages\/306"}],"collection":[{"href":"https:\/\/deibele.eu\/rastadt\/wp-json\/wp\/v2\/pages"}],"about":[{"href":"https:\/\/deibele.eu\/rastadt\/wp-json\/wp\/v2\/types\/page"}],"author":[{"embeddable":true,"href":"https:\/\/deibele.eu\/rastadt\/wp-json\/wp\/v2\/users\/1"}],"replies":[{"embeddable":true,"href":"https:\/\/deibele.eu\/rastadt\/wp-json\/wp\/v2\/comments?post=306"}],"version-history":[{"count":16,"href":"https:\/\/deibele.eu\/rastadt\/wp-json\/wp\/v2\/pages\/306\/revisions"}],"predecessor-version":[{"id":545,"href":"https:\/\/deibele.eu\/rastadt\/wp-json\/wp\/v2\/pages\/306\/revisions\/545"}],"wp:attachment":[{"href":"https:\/\/deibele.eu\/rastadt\/wp-json\/wp\/v2\/media?parent=306"}],"curies":[{"name":"wp","href":"https:\/\/api.w.org\/{rel}","templated":true}]}}