{"id":320,"date":"2020-12-04T14:35:37","date_gmt":"2020-12-04T13:35:37","guid":{"rendered":"https:\/\/deibele.eu\/rastadt\/?page_id=320"},"modified":"2020-12-09T01:19:23","modified_gmt":"2020-12-09T00:19:23","slug":"fluchtweg","status":"publish","type":"page","link":"https:\/\/deibele.eu\/rastadt\/fluchtweg\/","title":{"rendered":"Fluchtweg"},"content":{"rendered":"<p>Fr\u00fchjahr 1944 &#8211; Auf der Flucht \/ Wo diese Aufnahmen und vom wem sie gemacht wurden, ist nicht bekannt.<br \/>\nAm 14. M\u00e4rz 1944 wurde der Befehl zum Abmarsch f\u00fcr das erste deutsche Dorf gegeben und am 28. M\u00e4rz 1944 hatten die letzten Volksdeutschen ihre Heimat verlassen.<\/p>\n<!-- default-view.php -->\n<div\n\tclass=\"ngg-galleryoverview default-view \n\t\t\"\n\tid=\"ngg-gallery-8cafc46739807277db5a26a482147c5b-1\">\n\n\t\t<!-- Thumbnails -->\n\t\t\t\t<div id=\"ngg-image-0\" class=\"ngg-gallery-thumbnail-box \n\t\t\t\t\t\t\t\t\t\t\t\" \n\t\t\t>\n\t\t\t\t\t\t<div class=\"ngg-gallery-thumbnail\">\n\t\t\t<a href=\"https:\/\/deibele.eu\/rastadt\/wp-content\/gallery\/flucht\/Auf-der-Flucht-4.jpg\"\n\t\t\t\ttitle=\"\"\n\t\t\t\tdata-src=\"https:\/\/deibele.eu\/rastadt\/wp-content\/gallery\/flucht\/Auf-der-Flucht-4.jpg\"\n\t\t\t\tdata-thumbnail=\"https:\/\/deibele.eu\/rastadt\/wp-content\/gallery\/flucht\/thumbs\/thumbs_Auf-der-Flucht-4.jpg\"\n\t\t\t\tdata-image-id=\"94\"\n\t\t\t\tdata-title=\"Auf-der-Flucht-4\"\n\t\t\t\tdata-description=\"\"\n\t\t\t\tdata-image-slug=\"auf-der-flucht-4\"\n\t\t\t\tclass=\"ngg-fancybox\" rel=\"8cafc46739807277db5a26a482147c5b\">\n\t\t\t\t<img\n\t\t\t\t\ttitle=\"Auf-der-Flucht-4\"\n\t\t\t\t\talt=\"Auf-der-Flucht-4\"\n\t\t\t\t\tsrc=\"https:\/\/deibele.eu\/rastadt\/wp-content\/gallery\/flucht\/thumbs\/thumbs_Auf-der-Flucht-4.jpg\"\n\t\t\t\t\twidth=\"300\"\n\t\t\t\t\theight=\"200\"\n\t\t\t\t\tstyle=\"max-width:100%;\"\n\t\t\t\t\/>\n\t\t\t<\/a>\n\t\t<\/div>\n\t\t\t\t\t\t\t<\/div> \n\t\t\t\n\t\t\t\t<div id=\"ngg-image-1\" class=\"ngg-gallery-thumbnail-box \n\t\t\t\t\t\t\t\t\t\t\t\" \n\t\t\t>\n\t\t\t\t\t\t<div class=\"ngg-gallery-thumbnail\">\n\t\t\t<a href=\"https:\/\/deibele.eu\/rastadt\/wp-content\/gallery\/flucht\/Auf-der-Flucht-1.jpg\"\n\t\t\t\ttitle=\"\"\n\t\t\t\tdata-src=\"https:\/\/deibele.eu\/rastadt\/wp-content\/gallery\/flucht\/Auf-der-Flucht-1.jpg\"\n\t\t\t\tdata-thumbnail=\"https:\/\/deibele.eu\/rastadt\/wp-content\/gallery\/flucht\/thumbs\/thumbs_Auf-der-Flucht-1.jpg\"\n\t\t\t\tdata-image-id=\"95\"\n\t\t\t\tdata-title=\"Auf-der-Flucht-1\"\n\t\t\t\tdata-description=\"\"\n\t\t\t\tdata-image-slug=\"auf-der-flucht-1\"\n\t\t\t\tclass=\"ngg-fancybox\" rel=\"8cafc46739807277db5a26a482147c5b\">\n\t\t\t\t<img\n\t\t\t\t\ttitle=\"Auf-der-Flucht-1\"\n\t\t\t\t\talt=\"Auf-der-Flucht-1\"\n\t\t\t\t\tsrc=\"https:\/\/deibele.eu\/rastadt\/wp-content\/gallery\/flucht\/thumbs\/thumbs_Auf-der-Flucht-1.jpg\"\n\t\t\t\t\twidth=\"255\"\n\t\t\t\t\theight=\"200\"\n\t\t\t\t\tstyle=\"max-width:100%;\"\n\t\t\t\t\/>\n\t\t\t<\/a>\n\t\t<\/div>\n\t\t\t\t\t\t\t<\/div> \n\t\t\t\n\t\t\t\t<div id=\"ngg-image-2\" class=\"ngg-gallery-thumbnail-box \n\t\t\t\t\t\t\t\t\t\t\t\" \n\t\t\t>\n\t\t\t\t\t\t<div class=\"ngg-gallery-thumbnail\">\n\t\t\t<a href=\"https:\/\/deibele.eu\/rastadt\/wp-content\/gallery\/flucht\/Auf-der-Flucht-2.jpg\"\n\t\t\t\ttitle=\"\"\n\t\t\t\tdata-src=\"https:\/\/deibele.eu\/rastadt\/wp-content\/gallery\/flucht\/Auf-der-Flucht-2.jpg\"\n\t\t\t\tdata-thumbnail=\"https:\/\/deibele.eu\/rastadt\/wp-content\/gallery\/flucht\/thumbs\/thumbs_Auf-der-Flucht-2.jpg\"\n\t\t\t\tdata-image-id=\"96\"\n\t\t\t\tdata-title=\"Auf-der-Flucht-2\"\n\t\t\t\tdata-description=\"\"\n\t\t\t\tdata-image-slug=\"auf-der-flucht-2\"\n\t\t\t\tclass=\"ngg-fancybox\" rel=\"8cafc46739807277db5a26a482147c5b\">\n\t\t\t\t<img\n\t\t\t\t\ttitle=\"Auf-der-Flucht-2\"\n\t\t\t\t\talt=\"Auf-der-Flucht-2\"\n\t\t\t\t\tsrc=\"https:\/\/deibele.eu\/rastadt\/wp-content\/gallery\/flucht\/thumbs\/thumbs_Auf-der-Flucht-2.jpg\"\n\t\t\t\t\twidth=\"293\"\n\t\t\t\t\theight=\"200\"\n\t\t\t\t\tstyle=\"max-width:100%;\"\n\t\t\t\t\/>\n\t\t\t<\/a>\n\t\t<\/div>\n\t\t\t\t\t\t\t<\/div> \n\t\t\t\n\t\t\t\t<div id=\"ngg-image-3\" class=\"ngg-gallery-thumbnail-box \n\t\t\t\t\t\t\t\t\t\t\t\" \n\t\t\t>\n\t\t\t\t\t\t<div class=\"ngg-gallery-thumbnail\">\n\t\t\t<a href=\"https:\/\/deibele.eu\/rastadt\/wp-content\/gallery\/flucht\/Auf-der-Flucht-5.jpg\"\n\t\t\t\ttitle=\"\"\n\t\t\t\tdata-src=\"https:\/\/deibele.eu\/rastadt\/wp-content\/gallery\/flucht\/Auf-der-Flucht-5.jpg\"\n\t\t\t\tdata-thumbnail=\"https:\/\/deibele.eu\/rastadt\/wp-content\/gallery\/flucht\/thumbs\/thumbs_Auf-der-Flucht-5.jpg\"\n\t\t\t\tdata-image-id=\"97\"\n\t\t\t\tdata-title=\"Auf-der-Flucht-5\"\n\t\t\t\tdata-description=\"\"\n\t\t\t\tdata-image-slug=\"auf-der-flucht-5\"\n\t\t\t\tclass=\"ngg-fancybox\" rel=\"8cafc46739807277db5a26a482147c5b\">\n\t\t\t\t<img\n\t\t\t\t\ttitle=\"Auf-der-Flucht-5\"\n\t\t\t\t\talt=\"Auf-der-Flucht-5\"\n\t\t\t\t\tsrc=\"https:\/\/deibele.eu\/rastadt\/wp-content\/gallery\/flucht\/thumbs\/thumbs_Auf-der-Flucht-5.jpg\"\n\t\t\t\t\twidth=\"300\"\n\t\t\t\t\theight=\"200\"\n\t\t\t\t\tstyle=\"max-width:100%;\"\n\t\t\t\t\/>\n\t\t\t<\/a>\n\t\t<\/div>\n\t\t\t\t\t\t\t<\/div> \n\t\t\t\n\t\t\t\t<div id=\"ngg-image-4\" class=\"ngg-gallery-thumbnail-box \n\t\t\t\t\t\t\t\t\t\t\t\" \n\t\t\t>\n\t\t\t\t\t\t<div class=\"ngg-gallery-thumbnail\">\n\t\t\t<a href=\"https:\/\/deibele.eu\/rastadt\/wp-content\/gallery\/flucht\/Auf-der-Flucht-3.jpg\"\n\t\t\t\ttitle=\"\"\n\t\t\t\tdata-src=\"https:\/\/deibele.eu\/rastadt\/wp-content\/gallery\/flucht\/Auf-der-Flucht-3.jpg\"\n\t\t\t\tdata-thumbnail=\"https:\/\/deibele.eu\/rastadt\/wp-content\/gallery\/flucht\/thumbs\/thumbs_Auf-der-Flucht-3.jpg\"\n\t\t\t\tdata-image-id=\"98\"\n\t\t\t\tdata-title=\"Auf-der-Flucht-3\"\n\t\t\t\tdata-description=\"\"\n\t\t\t\tdata-image-slug=\"auf-der-flucht-3\"\n\t\t\t\tclass=\"ngg-fancybox\" rel=\"8cafc46739807277db5a26a482147c5b\">\n\t\t\t\t<img\n\t\t\t\t\ttitle=\"Auf-der-Flucht-3\"\n\t\t\t\t\talt=\"Auf-der-Flucht-3\"\n\t\t\t\t\tsrc=\"https:\/\/deibele.eu\/rastadt\/wp-content\/gallery\/flucht\/thumbs\/thumbs_Auf-der-Flucht-3.jpg\"\n\t\t\t\t\twidth=\"275\"\n\t\t\t\t\theight=\"200\"\n\t\t\t\t\tstyle=\"max-width:100%;\"\n\t\t\t\t\/>\n\t\t\t<\/a>\n\t\t<\/div>\n\t\t\t\t\t\t\t<\/div> \n\t\t\t\n\t\n\t<br style=\"clear: both\" \/>\n\n\t\n\t\t<!-- Pagination -->\n\t\t<div class='ngg-clear'><\/div>\t<\/div>\n\n<p style=\"text-align: center;\"><img loading=\"lazy\" decoding=\"async\" class=\"alignnone size-full wp-image-346\" src=\"https:\/\/deibele.eu\/rastadt\/wp-content\/uploads\/2020\/12\/TEXT-DER-WEG-VON-RASTADT-NACH-HAMBURG-1000.jpg\" alt=\"\" width=\"1000\" height=\"1620\" srcset=\"https:\/\/deibele.eu\/rastadt\/wp-content\/uploads\/2020\/12\/TEXT-DER-WEG-VON-RASTADT-NACH-HAMBURG-1000.jpg 1000w, https:\/\/deibele.eu\/rastadt\/wp-content\/uploads\/2020\/12\/TEXT-DER-WEG-VON-RASTADT-NACH-HAMBURG-1000-185x300.jpg 185w, https:\/\/deibele.eu\/rastadt\/wp-content\/uploads\/2020\/12\/TEXT-DER-WEG-VON-RASTADT-NACH-HAMBURG-1000-632x1024.jpg 632w, https:\/\/deibele.eu\/rastadt\/wp-content\/uploads\/2020\/12\/TEXT-DER-WEG-VON-RASTADT-NACH-HAMBURG-1000-768x1244.jpg 768w, https:\/\/deibele.eu\/rastadt\/wp-content\/uploads\/2020\/12\/TEXT-DER-WEG-VON-RASTADT-NACH-HAMBURG-1000-948x1536.jpg 948w, https:\/\/deibele.eu\/rastadt\/wp-content\/uploads\/2020\/12\/TEXT-DER-WEG-VON-RASTADT-NACH-HAMBURG-1000-93x150.jpg 93w\" sizes=\"(max-width: 1000px) 100vw, 1000px\" \/><\/p>\n","protected":false},"excerpt":{"rendered":"<p>Fr\u00fchjahr 1944 &#8211; Auf der Flucht \/ Wo diese Aufnahmen und vom wem sie gemacht wurden, ist nicht bekannt. Am 14. M\u00e4rz 1944 wurde der Befehl zum Abmarsch f\u00fcr das erste deutsche Dorf gegeben und am 28. M\u00e4rz 1944 hatten die letzten Volksdeutschen ihre Heimat verlassen.<\/p>\n<p class=\"continue-reading-button\"> <a class=\"continue-reading-link\" href=\"https:\/\/deibele.eu\/rastadt\/fluchtweg\/\">Continue reading<i class=\"crycon-right-dir\"><\/i><\/a><\/p>\n","protected":false},"author":1,"featured_media":0,"parent":0,"menu_order":0,"comment_status":"closed","ping_status":"closed","template":"","meta":{"ngg_post_thumbnail":0,"footnotes":""},"yoast_head":"<!-- This site is optimized with the Yoast SEO plugin v22.0 - https:\/\/yoast.com\/wordpress\/plugins\/seo\/ -->\n<title>Fluchtweg - Rastadt (Beresan) Ahnenforschung<\/title>\n<meta name=\"robots\" content=\"index, follow, max-snippet:-1, max-image-preview:large, max-video-preview:-1\" \/>\n<link rel=\"canonical\" href=\"https:\/\/deibele.eu\/rastadt\/fluchtweg\/\" \/>\n<meta property=\"og:locale\" content=\"de_DE\" \/>\n<meta property=\"og:type\" content=\"article\" \/>\n<meta property=\"og:title\" content=\"Fluchtweg - Rastadt (Beresan) Ahnenforschung\" \/>\n<meta property=\"og:description\" content=\"Fr\u00fchjahr 1944 &#8211; Auf der Flucht \/ Wo diese Aufnahmen und vom wem sie gemacht wurden, ist nicht bekannt. Am 14. M\u00e4rz 1944 wurde der Befehl zum Abmarsch f\u00fcr das erste deutsche Dorf gegeben und am 28. M\u00e4rz 1944 hatten die letzten Volksdeutschen ihre Heimat verlassen. Continue reading\" \/>\n<meta property=\"og:url\" content=\"https:\/\/deibele.eu\/rastadt\/fluchtweg\/\" \/>\n<meta property=\"og:site_name\" content=\"Rastadt (Beresan) Ahnenforschung\" \/>\n<meta property=\"article:modified_time\" content=\"2020-12-09T00:19:23+00:00\" \/>\n<meta property=\"og:image\" content=\"https:\/\/deibele.eu\/rastadt\/wp-content\/uploads\/2020\/12\/TEXT-DER-WEG-VON-RASTADT-NACH-HAMBURG-1000.jpg\" \/>\n<meta name=\"twitter:card\" content=\"summary_large_image\" \/>\n<script type=\"application\/ld+json\" class=\"yoast-schema-graph\">{\"@context\":\"https:\/\/schema.org\",\"@graph\":[{\"@type\":\"WebPage\",\"@id\":\"https:\/\/deibele.eu\/rastadt\/fluchtweg\/\",\"url\":\"https:\/\/deibele.eu\/rastadt\/fluchtweg\/\",\"name\":\"Fluchtweg - Rastadt (Beresan) Ahnenforschung\",\"isPartOf\":{\"@id\":\"https:\/\/deibele.eu\/rastadt\/#website\"},\"datePublished\":\"2020-12-04T13:35:37+00:00\",\"dateModified\":\"2020-12-09T00:19:23+00:00\",\"breadcrumb\":{\"@id\":\"https:\/\/deibele.eu\/rastadt\/fluchtweg\/#breadcrumb\"},\"inLanguage\":\"de\",\"potentialAction\":[{\"@type\":\"ReadAction\",\"target\":[\"https:\/\/deibele.eu\/rastadt\/fluchtweg\/\"]}]},{\"@type\":\"BreadcrumbList\",\"@id\":\"https:\/\/deibele.eu\/rastadt\/fluchtweg\/#breadcrumb\",\"itemListElement\":[{\"@type\":\"ListItem\",\"position\":1,\"name\":\"Startseite\",\"item\":\"https:\/\/deibele.eu\/rastadt\/\"},{\"@type\":\"ListItem\",\"position\":2,\"name\":\"Fluchtweg\"}]},{\"@type\":\"WebSite\",\"@id\":\"https:\/\/deibele.eu\/rastadt\/#website\",\"url\":\"https:\/\/deibele.eu\/rastadt\/\",\"name\":\"Rastadt (Beresan) Ahnenforschung\",\"description\":\"Familien und Ortspl\u00e4ne, Geschichte\",\"potentialAction\":[{\"@type\":\"SearchAction\",\"target\":{\"@type\":\"EntryPoint\",\"urlTemplate\":\"https:\/\/deibele.eu\/rastadt\/?s={search_term_string}\"},\"query-input\":\"required name=search_term_string\"}],\"inLanguage\":\"de\"}]}<\/script>\n<!-- \/ Yoast SEO plugin. -->","yoast_head_json":{"title":"Fluchtweg - Rastadt (Beresan) Ahnenforschung","robots":{"index":"index","follow":"follow","max-snippet":"max-snippet:-1","max-image-preview":"max-image-preview:large","max-video-preview":"max-video-preview:-1"},"canonical":"https:\/\/deibele.eu\/rastadt\/fluchtweg\/","og_locale":"de_DE","og_type":"article","og_title":"Fluchtweg - Rastadt (Beresan) Ahnenforschung","og_description":"Fr\u00fchjahr 1944 &#8211; Auf der Flucht \/ Wo diese Aufnahmen und vom wem sie gemacht wurden, ist nicht bekannt. Am 14. M\u00e4rz 1944 wurde der Befehl zum Abmarsch f\u00fcr das erste deutsche Dorf gegeben und am 28. M\u00e4rz 1944 hatten die letzten Volksdeutschen ihre Heimat verlassen. Continue reading","og_url":"https:\/\/deibele.eu\/rastadt\/fluchtweg\/","og_site_name":"Rastadt (Beresan) Ahnenforschung","article_modified_time":"2020-12-09T00:19:23+00:00","og_image":[{"url":"https:\/\/deibele.eu\/rastadt\/wp-content\/uploads\/2020\/12\/TEXT-DER-WEG-VON-RASTADT-NACH-HAMBURG-1000.jpg"}],"twitter_card":"summary_large_image","schema":{"@context":"https:\/\/schema.org","@graph":[{"@type":"WebPage","@id":"https:\/\/deibele.eu\/rastadt\/fluchtweg\/","url":"https:\/\/deibele.eu\/rastadt\/fluchtweg\/","name":"Fluchtweg - Rastadt (Beresan) Ahnenforschung","isPartOf":{"@id":"https:\/\/deibele.eu\/rastadt\/#website"},"datePublished":"2020-12-04T13:35:37+00:00","dateModified":"2020-12-09T00:19:23+00:00","breadcrumb":{"@id":"https:\/\/deibele.eu\/rastadt\/fluchtweg\/#breadcrumb"},"inLanguage":"de","potentialAction":[{"@type":"ReadAction","target":["https:\/\/deibele.eu\/rastadt\/fluchtweg\/"]}]},{"@type":"BreadcrumbList","@id":"https:\/\/deibele.eu\/rastadt\/fluchtweg\/#breadcrumb","itemListElement":[{"@type":"ListItem","position":1,"name":"Startseite","item":"https:\/\/deibele.eu\/rastadt\/"},{"@type":"ListItem","position":2,"name":"Fluchtweg"}]},{"@type":"WebSite","@id":"https:\/\/deibele.eu\/rastadt\/#website","url":"https:\/\/deibele.eu\/rastadt\/","name":"Rastadt (Beresan) Ahnenforschung","description":"Familien und Ortspl\u00e4ne, Geschichte","potentialAction":[{"@type":"SearchAction","target":{"@type":"EntryPoint","urlTemplate":"https:\/\/deibele.eu\/rastadt\/?s={search_term_string}"},"query-input":"required name=search_term_string"}],"inLanguage":"de"}]}},"_links":{"self":[{"href":"https:\/\/deibele.eu\/rastadt\/wp-json\/wp\/v2\/pages\/320"}],"collection":[{"href":"https:\/\/deibele.eu\/rastadt\/wp-json\/wp\/v2\/pages"}],"about":[{"href":"https:\/\/deibele.eu\/rastadt\/wp-json\/wp\/v2\/types\/page"}],"author":[{"embeddable":true,"href":"https:\/\/deibele.eu\/rastadt\/wp-json\/wp\/v2\/users\/1"}],"replies":[{"embeddable":true,"href":"https:\/\/deibele.eu\/rastadt\/wp-json\/wp\/v2\/comments?post=320"}],"version-history":[{"count":22,"href":"https:\/\/deibele.eu\/rastadt\/wp-json\/wp\/v2\/pages\/320\/revisions"}],"predecessor-version":[{"id":733,"href":"https:\/\/deibele.eu\/rastadt\/wp-json\/wp\/v2\/pages\/320\/revisions\/733"}],"wp:attachment":[{"href":"https:\/\/deibele.eu\/rastadt\/wp-json\/wp\/v2\/media?parent=320"}],"curies":[{"name":"wp","href":"https:\/\/api.w.org\/{rel}","templated":true}]}}