{"id":443,"date":"2020-12-05T00:21:58","date_gmt":"2020-12-04T23:21:58","guid":{"rendered":"https:\/\/deibele.eu\/rastadt\/?page_id=443"},"modified":"2020-12-11T14:34:16","modified_gmt":"2020-12-11T13:34:16","slug":"holocoust-in-southern-ukraine","status":"publish","type":"page","link":"https:\/\/deibele.eu\/rastadt\/holocoust-in-southern-ukraine\/","title":{"rendered":"Holocoust in Southern Ukraine"},"content":{"rendered":"<p>Von meinen Eltern wusste ich, dass es in Rastadt zu Erschie\u00dfungen gekommen ist. Immer h\u00e4tte man Sch\u00fcsse von jenseits des Flusses geh\u00f6rt. Was sich aber in Rastadt und den umliegenden D\u00f6rfern wirklich abgespielt hat, wurde mir in seiner ganzen Grausamkeit erst durch das Lesen in der Dissertation (Autor: Steinhart, Eric Conrad) &#8222;<a href=\"https:\/\/cdr.lib.unc.edu\/concern\/dissertations\/bk128c04n\">CREATING-KILLERS-THE-NAZIFICATION-OF-THE-BLACK-SEA-GERMANS-AND-THE-HOLOCAUST-IN-SOUTHERN-UKRAINE-1941-1944<\/a>&#8220; klar.<\/p>\n<p>Auszug aus der Dissertation: Seite 348<\/p>\n<blockquote><p>In Rastadt [sic], roughly 500 to 600 Jews were housed in the cow barn at the fork in the road to M\u00fcnchen and Neu-Rastadt [Klein Rastadt]. . . . From a distance of about 600 meters I witnessed hundreds of [Jews] shot on a hill north of Rastadt [sic]. I could tell that these people had to strip naked. They were brought to a specially dug pit and shot. When the wind blew in the right direction, one could hear the screams and whimpers of these people clearly. The mass executions at this place continued for many days and each time several hundred Jews were shot. One evening after an execution I was standing near the pit and saw that it was 5 x 6 meters in size and had a depth of 15 meters. In the pit a kind of grate had been constructed and under the grate a fire burned constantly. The victims fell onto the grate and burned up. One could clearly see charred human remains in the pit.<em><br \/>\n<\/em><\/p><\/blockquote>\n<p>Es gibt viele Schilderungen, die in die gleiche Richtung gehen. Eine besondere Rolle hatten die sogenannten Volksdeutschen, die dem Selbstschutz angeh\u00f6rten.&nbsp; In D\u00f6rfern des Siedlungsgebietes n\u00f6rdlich von Odessa wurde von den Nazis der sog. <strong>Volksdeutsche Selbstschutz (VDS)<\/strong> aufgestellt, bestehend aus 8000 bis 9000 Mann an, die dem Sonderkommando R (f\u00fcr Russland) unterstanden, unter F\u00fchrung des SS-Standartenf\u00fchrers Horst Hoffmeyer.<\/p>\n<p>Der Volksdeutsche Selbstschutz war an den Mordaktionen in ma\u00dfgeblicher Weise beteiligt. Die T\u00e4ter waren junge Volksdeutsche aus jenen Orten mit den deutschen Namen. Mancher von ihnen war gerade 18 Jahre alt. In der oben genannten Dissertation befindet sich auf den Seiten 454 bis 460 eine Auflistung von M\u00e4nnern, die dem Sonderkommando R \/ Bereichskommando Rastadt zugerechnet werden.<\/p>\n<p>[Zoomen der Listen mit Mausklick]<\/p>\n<!-- default-view.php -->\n<div\n\tclass=\"ngg-galleryoverview default-view \n\t\t\"\n\tid=\"ngg-gallery-ab87a6a75e378b228a8ebf6a2b430932-1\">\n\n\t\t<!-- Thumbnails -->\n\t\t\t\t<div id=\"ngg-image-0\" class=\"ngg-gallery-thumbnail-box \n\t\t\t\t\t\t\t\t\t\t\t\" \n\t\t\t>\n\t\t\t\t\t\t<div class=\"ngg-gallery-thumbnail\">\n\t\t\t<a href=\"https:\/\/deibele.eu\/rastadt\/wp-content\/gallery\/selbstschutz\/appendix-01.jpg\"\n\t\t\t\ttitle=\"\"\n\t\t\t\tdata-src=\"https:\/\/deibele.eu\/rastadt\/wp-content\/gallery\/selbstschutz\/appendix-01.jpg\"\n\t\t\t\tdata-thumbnail=\"https:\/\/deibele.eu\/rastadt\/wp-content\/gallery\/selbstschutz\/thumbs\/thumbs_appendix-01.jpg\"\n\t\t\t\tdata-image-id=\"113\"\n\t\t\t\tdata-title=\"appendix-01\"\n\t\t\t\tdata-description=\"\"\n\t\t\t\tdata-image-slug=\"appendix-01\"\n\t\t\t\tclass=\"ngg-fancybox\" rel=\"ab87a6a75e378b228a8ebf6a2b430932\">\n\t\t\t\t<img\n\t\t\t\t\ttitle=\"appendix-01\"\n\t\t\t\t\talt=\"appendix-01\"\n\t\t\t\t\tsrc=\"https:\/\/deibele.eu\/rastadt\/wp-content\/gallery\/selbstschutz\/thumbs\/thumbs_appendix-01.jpg\"\n\t\t\t\t\twidth=\"300\"\n\t\t\t\t\theight=\"200\"\n\t\t\t\t\tstyle=\"max-width:100%;\"\n\t\t\t\t\/>\n\t\t\t<\/a>\n\t\t<\/div>\n\t\t\t\t\t\t\t<\/div> \n\t\t\t\n\t\t\t\t<div id=\"ngg-image-1\" class=\"ngg-gallery-thumbnail-box \n\t\t\t\t\t\t\t\t\t\t\t\" \n\t\t\t>\n\t\t\t\t\t\t<div class=\"ngg-gallery-thumbnail\">\n\t\t\t<a href=\"https:\/\/deibele.eu\/rastadt\/wp-content\/gallery\/selbstschutz\/appendix-02.jpg\"\n\t\t\t\ttitle=\"\"\n\t\t\t\tdata-src=\"https:\/\/deibele.eu\/rastadt\/wp-content\/gallery\/selbstschutz\/appendix-02.jpg\"\n\t\t\t\tdata-thumbnail=\"https:\/\/deibele.eu\/rastadt\/wp-content\/gallery\/selbstschutz\/thumbs\/thumbs_appendix-02.jpg\"\n\t\t\t\tdata-image-id=\"114\"\n\t\t\t\tdata-title=\"appendix-02\"\n\t\t\t\tdata-description=\"\"\n\t\t\t\tdata-image-slug=\"appendix-02\"\n\t\t\t\tclass=\"ngg-fancybox\" rel=\"ab87a6a75e378b228a8ebf6a2b430932\">\n\t\t\t\t<img\n\t\t\t\t\ttitle=\"appendix-02\"\n\t\t\t\t\talt=\"appendix-02\"\n\t\t\t\t\tsrc=\"https:\/\/deibele.eu\/rastadt\/wp-content\/gallery\/selbstschutz\/thumbs\/thumbs_appendix-02.jpg\"\n\t\t\t\t\twidth=\"300\"\n\t\t\t\t\theight=\"200\"\n\t\t\t\t\tstyle=\"max-width:100%;\"\n\t\t\t\t\/>\n\t\t\t<\/a>\n\t\t<\/div>\n\t\t\t\t\t\t\t<\/div> \n\t\t\t\n\t\t\t\t<div id=\"ngg-image-2\" class=\"ngg-gallery-thumbnail-box \n\t\t\t\t\t\t\t\t\t\t\t\" \n\t\t\t>\n\t\t\t\t\t\t<div class=\"ngg-gallery-thumbnail\">\n\t\t\t<a href=\"https:\/\/deibele.eu\/rastadt\/wp-content\/gallery\/selbstschutz\/appendix-03.jpg\"\n\t\t\t\ttitle=\"\"\n\t\t\t\tdata-src=\"https:\/\/deibele.eu\/rastadt\/wp-content\/gallery\/selbstschutz\/appendix-03.jpg\"\n\t\t\t\tdata-thumbnail=\"https:\/\/deibele.eu\/rastadt\/wp-content\/gallery\/selbstschutz\/thumbs\/thumbs_appendix-03.jpg\"\n\t\t\t\tdata-image-id=\"115\"\n\t\t\t\tdata-title=\"appendix-03\"\n\t\t\t\tdata-description=\"\"\n\t\t\t\tdata-image-slug=\"appendix-03\"\n\t\t\t\tclass=\"ngg-fancybox\" rel=\"ab87a6a75e378b228a8ebf6a2b430932\">\n\t\t\t\t<img\n\t\t\t\t\ttitle=\"appendix-03\"\n\t\t\t\t\talt=\"appendix-03\"\n\t\t\t\t\tsrc=\"https:\/\/deibele.eu\/rastadt\/wp-content\/gallery\/selbstschutz\/thumbs\/thumbs_appendix-03.jpg\"\n\t\t\t\t\twidth=\"300\"\n\t\t\t\t\theight=\"200\"\n\t\t\t\t\tstyle=\"max-width:100%;\"\n\t\t\t\t\/>\n\t\t\t<\/a>\n\t\t<\/div>\n\t\t\t\t\t\t\t<\/div> \n\t\t\t\n\t\t\t\t<div id=\"ngg-image-3\" class=\"ngg-gallery-thumbnail-box \n\t\t\t\t\t\t\t\t\t\t\t\" \n\t\t\t>\n\t\t\t\t\t\t<div class=\"ngg-gallery-thumbnail\">\n\t\t\t<a href=\"https:\/\/deibele.eu\/rastadt\/wp-content\/gallery\/selbstschutz\/appendix-04.jpg\"\n\t\t\t\ttitle=\"\"\n\t\t\t\tdata-src=\"https:\/\/deibele.eu\/rastadt\/wp-content\/gallery\/selbstschutz\/appendix-04.jpg\"\n\t\t\t\tdata-thumbnail=\"https:\/\/deibele.eu\/rastadt\/wp-content\/gallery\/selbstschutz\/thumbs\/thumbs_appendix-04.jpg\"\n\t\t\t\tdata-image-id=\"111\"\n\t\t\t\tdata-title=\"appendix-04\"\n\t\t\t\tdata-description=\"\"\n\t\t\t\tdata-image-slug=\"appendix-04\"\n\t\t\t\tclass=\"ngg-fancybox\" rel=\"ab87a6a75e378b228a8ebf6a2b430932\">\n\t\t\t\t<img\n\t\t\t\t\ttitle=\"appendix-04\"\n\t\t\t\t\talt=\"appendix-04\"\n\t\t\t\t\tsrc=\"https:\/\/deibele.eu\/rastadt\/wp-content\/gallery\/selbstschutz\/thumbs\/thumbs_appendix-04.jpg\"\n\t\t\t\t\twidth=\"300\"\n\t\t\t\t\theight=\"200\"\n\t\t\t\t\tstyle=\"max-width:100%;\"\n\t\t\t\t\/>\n\t\t\t<\/a>\n\t\t<\/div>\n\t\t\t\t\t\t\t<\/div> \n\t\t\t\n\t\t\t\t<div id=\"ngg-image-4\" class=\"ngg-gallery-thumbnail-box \n\t\t\t\t\t\t\t\t\t\t\t\" \n\t\t\t>\n\t\t\t\t\t\t<div class=\"ngg-gallery-thumbnail\">\n\t\t\t<a href=\"https:\/\/deibele.eu\/rastadt\/wp-content\/gallery\/selbstschutz\/appendix-05.jpg\"\n\t\t\t\ttitle=\"\"\n\t\t\t\tdata-src=\"https:\/\/deibele.eu\/rastadt\/wp-content\/gallery\/selbstschutz\/appendix-05.jpg\"\n\t\t\t\tdata-thumbnail=\"https:\/\/deibele.eu\/rastadt\/wp-content\/gallery\/selbstschutz\/thumbs\/thumbs_appendix-05.jpg\"\n\t\t\t\tdata-image-id=\"112\"\n\t\t\t\tdata-title=\"appendix-05\"\n\t\t\t\tdata-description=\"\"\n\t\t\t\tdata-image-slug=\"appendix-05\"\n\t\t\t\tclass=\"ngg-fancybox\" rel=\"ab87a6a75e378b228a8ebf6a2b430932\">\n\t\t\t\t<img\n\t\t\t\t\ttitle=\"appendix-05\"\n\t\t\t\t\talt=\"appendix-05\"\n\t\t\t\t\tsrc=\"https:\/\/deibele.eu\/rastadt\/wp-content\/gallery\/selbstschutz\/thumbs\/thumbs_appendix-05.jpg\"\n\t\t\t\t\twidth=\"300\"\n\t\t\t\t\theight=\"200\"\n\t\t\t\t\tstyle=\"max-width:100%;\"\n\t\t\t\t\/>\n\t\t\t<\/a>\n\t\t<\/div>\n\t\t\t\t\t\t\t<\/div> \n\t\t\t\n\t\t\t\t<div id=\"ngg-image-5\" class=\"ngg-gallery-thumbnail-box \n\t\t\t\t\t\t\t\t\t\t\t\" \n\t\t\t>\n\t\t\t\t\t\t<div class=\"ngg-gallery-thumbnail\">\n\t\t\t<a href=\"https:\/\/deibele.eu\/rastadt\/wp-content\/gallery\/selbstschutz\/appendix-06.jpg\"\n\t\t\t\ttitle=\"\"\n\t\t\t\tdata-src=\"https:\/\/deibele.eu\/rastadt\/wp-content\/gallery\/selbstschutz\/appendix-06.jpg\"\n\t\t\t\tdata-thumbnail=\"https:\/\/deibele.eu\/rastadt\/wp-content\/gallery\/selbstschutz\/thumbs\/thumbs_appendix-06.jpg\"\n\t\t\t\tdata-image-id=\"116\"\n\t\t\t\tdata-title=\"appendix-06\"\n\t\t\t\tdata-description=\"\"\n\t\t\t\tdata-image-slug=\"appendix-06\"\n\t\t\t\tclass=\"ngg-fancybox\" rel=\"ab87a6a75e378b228a8ebf6a2b430932\">\n\t\t\t\t<img\n\t\t\t\t\ttitle=\"appendix-06\"\n\t\t\t\t\talt=\"appendix-06\"\n\t\t\t\t\tsrc=\"https:\/\/deibele.eu\/rastadt\/wp-content\/gallery\/selbstschutz\/thumbs\/thumbs_appendix-06.jpg\"\n\t\t\t\t\twidth=\"300\"\n\t\t\t\t\theight=\"200\"\n\t\t\t\t\tstyle=\"max-width:100%;\"\n\t\t\t\t\/>\n\t\t\t<\/a>\n\t\t<\/div>\n\t\t\t\t\t\t\t<\/div> \n\t\t\t\n\t\t\t\t<div id=\"ngg-image-6\" class=\"ngg-gallery-thumbnail-box \n\t\t\t\t\t\t\t\t\t\t\t\" \n\t\t\t>\n\t\t\t\t\t\t<div class=\"ngg-gallery-thumbnail\">\n\t\t\t<a href=\"https:\/\/deibele.eu\/rastadt\/wp-content\/gallery\/selbstschutz\/appendix-07.jpg\"\n\t\t\t\ttitle=\"\"\n\t\t\t\tdata-src=\"https:\/\/deibele.eu\/rastadt\/wp-content\/gallery\/selbstschutz\/appendix-07.jpg\"\n\t\t\t\tdata-thumbnail=\"https:\/\/deibele.eu\/rastadt\/wp-content\/gallery\/selbstschutz\/thumbs\/thumbs_appendix-07.jpg\"\n\t\t\t\tdata-image-id=\"117\"\n\t\t\t\tdata-title=\"appendix-07\"\n\t\t\t\tdata-description=\"\"\n\t\t\t\tdata-image-slug=\"appendix-07\"\n\t\t\t\tclass=\"ngg-fancybox\" rel=\"ab87a6a75e378b228a8ebf6a2b430932\">\n\t\t\t\t<img\n\t\t\t\t\ttitle=\"appendix-07\"\n\t\t\t\t\talt=\"appendix-07\"\n\t\t\t\t\tsrc=\"https:\/\/deibele.eu\/rastadt\/wp-content\/gallery\/selbstschutz\/thumbs\/thumbs_appendix-07.jpg\"\n\t\t\t\t\twidth=\"300\"\n\t\t\t\t\theight=\"200\"\n\t\t\t\t\tstyle=\"max-width:100%;\"\n\t\t\t\t\/>\n\t\t\t<\/a>\n\t\t<\/div>\n\t\t\t\t\t\t\t<\/div> \n\t\t\t\n\t\n\t<br style=\"clear: both\" \/>\n\n\t\n\t\t<!-- Pagination -->\n\t\t<div class='ngg-clear'><\/div>\t<\/div>\n\n<p>Die Anzahl der j\u00fcdischen Menschen, die w\u00e4hrend des Winters 1941\/1942 vom Selbstschutz in den volksdeutschen Gebieten ermordet worden waren, ist nicht mehr ermittelbar. Es d\u00fcrfte sich dabei aber mindestens, nach Angaben des Ausw\u00e4rtigen Amtes, um 28 000 Opfer gehandelt haben. [Quelle: N\u00fcrnberger Dokument NG 4817: Schreiben Rademachers an den Reichsminister f\u00fcr die besetzten Ostgebietevom 12.5.1942, Auf das Schreiben vom 10. April ds. Js. Nr1\/627\/41 g Geheim., Betr. Abschiebung vonrum\u00e4nischen Juden am Bug. &#8222;Nach Transnistrien wurden die 28 000 Juden in deutsche D\u00f6rfer gebracht! inzwischen wurden sie liquidiert.\u201c]<\/p>\n<p>Das Hab und Gut der ermordeten Juden wurde unter den Selbstschutz-Mitgliedern und den Einwohnern des Dorfes verteilt. (Seite 346-347)<\/p>\n<blockquote><p>(Begin)The amount of property that this robbery netted for Bereichkommando XI was so large that Hartung simply could not give it all away to the executioners and was forced to warehouse many of the items in Rastatt. Franz F., who lived next to the impromptu warehouse, described its contents: \u2015On the neighboring farm, there was a cow barn, approximately 10 x 8 m[eters] in size, which was full of articles of clothing that had come from the [Jewish] victims. A member of the Selbstschutz stood guard there through the night. Photos and identification papers from the victims lay on the field in front of the barn and children picked them up and played with them.<br \/>\nTo ensure that no hidden valuables had escaped him, Hartung selected a couple of old ethnic German women to search through the items in the cow barn and to surrender any discovered valuables to him.Except for the most choice pieces, which he and his fellow Germans kept for themselves or sold in local stores,&nbsp; Hartung ordered the Selbstschutz to distribute the remaining clothes to area Volksdeutsche.<em>[End)<br \/>\n<\/em><\/p>\n<p>&nbsp;<\/p>\n<p>(Begin) Neben den bereits geschilderten wirtschaftlichen Zugest\u00e4ndnissen durch die Rum\u00e4nen hatten die Volksdeutschen und die sie repr\u00e4sentierende Vomi auch ganz handfeste materielle Vorteile durch die Ermordung der Juden. Die Bekleidungst\u00fccke der Get\u00f6teten wurden auf die volksdeutschen D\u00f6rfer verteilt94, s\u00e4mtliche Wertgegenst\u00e4nde (Gold, Ketten, Ringe, Uhren, Goldrubel etc.) dagegen \u2011 auch solche die sp\u00e4ter noch eingen\u00e4ht in den Bekleidungsst\u00fccken gefunden wurden \u2011 mu\u00dften an den Hauptstab des Sk R abgeliefert werden. Die Wertsachen belie\u00df Hoffmeyer zun\u00e4chst beim Stab, wo er auch Mitgliedern seines Kommandos gestattete, da\u00df sie f\u00fcr notwendigen Zahnersatz vom Gold der Ermordeten einen Teil erhalten sollten, wovon diese f\u00fcr sich und ihre Familien ausgiebig Gebrauch machten. Eine Zeugin erinnerte sich: &#8222;Herr M [&#8230; ] war bei der volksdeutschen Mittelstelle angestellt und verwaltete eine Bekleidungskammer, in der die Bekleidungsst\u00fccke der j\u00fcdischen Bev\u00f6lkerung, die beschlagnahmt waren, verwaltet wurden. Diese Bekleidung wurde an die Voffideutschen ausgegeben. Herr M &#8230; ] selbst trug SS\u2011 Uniform. Seine beide T\u00f6chter Veronica und Magarethe waren auf Grund seiner Stellung wie Prinzessinnen angezogen. Sie trugen die besten Kleider und Schmuckst\u00fccke von den beschlagnahmten j\u00fcdischen Sachen.&#8220; (End) (vgl. Andrej Angrick, Ausz\u00fcge aus einem nicht ver\u00f6ffentlichten Manuskript)<em><br \/>\n<\/em><\/p><\/blockquote>\n<p>Zum Thema NS-Verbrechen gibt es viele Hinweise im Netz, unter anderem \u00fcber den aus Rastadt stammenden Alfons G\u00f6tzfried:<\/p>\n<p><a href=\"https:\/\/www.focus.de\/politik\/deutschland\/ns-verbrechen-goetzfrids-geheimnis_aid_168948.html\">https:\/\/www.focus.de\/politik\/deutschland\/ns-verbrechen-goetzfrids-geheimnis_aid_168948.html<\/a><\/p>\n<p><a href=\"https:\/\/www.independent.co.uk\/news\/british-failed-to-spot-nazi-mass-killer-1148304.html\">https:\/\/www.independent.co.uk\/news\/british-failed-to-spot-nazi-mass-killer-1148304.html<\/a><\/p>\n<p><a href=\"https:\/\/www.nytimes.com\/1998\/03\/05\/world\/ex-nazi-is-seized-accused-of-gunning-down-500-at-maidanek.html\">https:\/\/www.nytimes.com\/1998\/03\/05\/world\/ex-nazi-is-seized-accused-of-gunning-down-500-at-maidanek.html<\/a><\/p>\n<p><a href=\"https:\/\/www.spiegel.de\/politik\/deutschland\/goetzfrid-ex-gestapo-mann-angeklagt-a-19847.html\">https:\/\/www.spiegel.de\/politik\/deutschland\/goetzfrid-ex-gestapo-mann-angeklagt-a-19847.html<\/a><\/p>\n<p>&nbsp;<\/p>\n<p>In der Ver\u00f6ffentlichnung &#8222;<a href=\"https:\/\/deibele.eu\/rastadt\/aktion-1005\/\">Aktion 1005<\/a>&#8220; &#8211; Spurenbeseitigung von NS-Massenverbrechen 1942 &#8211; 1945&#8243; (Andrej Angrick, Seite 604) gibt es einen Hinweis auf die Beiteiligung des Volksdeutschen Eugen St\u00fccka aus Odessa (der genaue Herkunftsort ist Rastadt) als Dolmetscher.<\/p>\n<blockquote><p>Als Dolmetscher werden der dienstverpflichtete Studienrat Oberm\u00fcller (Spitzname: \u00bbBrosche Pana\u00ab oder \u00bbJawohl mein Herr\u00ab) und ein Eugen St\u00fccka (Volksdeutscher aus Odessa) genannt. Ebenda, Bl. 5851. 310 141 Js 204\/60 der StAnw&amp;nbsp;&#8230;<\/p><\/blockquote>\n","protected":false},"excerpt":{"rendered":"<p>Von meinen Eltern wusste ich, dass es in Rastadt zu Erschie\u00dfungen gekommen ist. Immer h\u00e4tte man Sch\u00fcsse von jenseits des Flusses geh\u00f6rt. Was sich aber in Rastadt und den umliegenden D\u00f6rfern wirklich abgespielt hat, wurde mir in seiner ganzen Grausamkeit erst durch das Lesen in der Dissertation (Autor: Steinhart, Eric\u2026<\/p>\n<p class=\"continue-reading-button\"> <a class=\"continue-reading-link\" href=\"https:\/\/deibele.eu\/rastadt\/holocoust-in-southern-ukraine\/\">Continue reading<i class=\"crycon-right-dir\"><\/i><\/a><\/p>\n","protected":false},"author":1,"featured_media":0,"parent":0,"menu_order":0,"comment_status":"closed","ping_status":"closed","template":"","meta":{"ngg_post_thumbnail":0,"footnotes":""},"yoast_head":"<!-- This site is optimized with the Yoast SEO plugin v22.0 - https:\/\/yoast.com\/wordpress\/plugins\/seo\/ -->\n<title>Holocoust in Southern Ukraine - Rastadt (Beresan) Ahnenforschung<\/title>\n<meta name=\"description\" content=\"Rastadt (Beresan), Holocoust in Rastadt, Beteiligung des Selbstschutzes an den NS-Verbrechen, &quot;Aktion 1005&quot; - Spurenbeseitigung von NS-Massenverbrechen\" \/>\n<meta name=\"robots\" content=\"index, follow, max-snippet:-1, max-image-preview:large, max-video-preview:-1\" \/>\n<link rel=\"canonical\" href=\"https:\/\/deibele.eu\/rastadt\/holocoust-in-southern-ukraine\/\" \/>\n<meta property=\"og:locale\" content=\"de_DE\" \/>\n<meta property=\"og:type\" content=\"article\" \/>\n<meta property=\"og:title\" content=\"Holocoust in Southern Ukraine - Rastadt (Beresan) Ahnenforschung\" \/>\n<meta property=\"og:description\" content=\"Rastadt (Beresan), Holocoust in Rastadt, Beteiligung des Selbstschutzes an den NS-Verbrechen, &quot;Aktion 1005&quot; - Spurenbeseitigung von NS-Massenverbrechen\" \/>\n<meta property=\"og:url\" content=\"https:\/\/deibele.eu\/rastadt\/holocoust-in-southern-ukraine\/\" \/>\n<meta property=\"og:site_name\" content=\"Rastadt (Beresan) Ahnenforschung\" \/>\n<meta property=\"article:modified_time\" content=\"2020-12-11T13:34:16+00:00\" \/>\n<meta name=\"twitter:card\" content=\"summary_large_image\" \/>\n<meta name=\"twitter:label1\" content=\"Gesch\u00e4tzte Lesezeit\" \/>\n\t<meta name=\"twitter:data1\" content=\"5\u00a0Minuten\" \/>\n<script type=\"application\/ld+json\" class=\"yoast-schema-graph\">{\"@context\":\"https:\/\/schema.org\",\"@graph\":[{\"@type\":\"WebPage\",\"@id\":\"https:\/\/deibele.eu\/rastadt\/holocoust-in-southern-ukraine\/\",\"url\":\"https:\/\/deibele.eu\/rastadt\/holocoust-in-southern-ukraine\/\",\"name\":\"Holocoust in Southern Ukraine - Rastadt (Beresan) Ahnenforschung\",\"isPartOf\":{\"@id\":\"https:\/\/deibele.eu\/rastadt\/#website\"},\"datePublished\":\"2020-12-04T23:21:58+00:00\",\"dateModified\":\"2020-12-11T13:34:16+00:00\",\"description\":\"Rastadt (Beresan), Holocoust in Rastadt, Beteiligung des Selbstschutzes an den NS-Verbrechen, \\\"Aktion 1005\\\" - Spurenbeseitigung von NS-Massenverbrechen\",\"breadcrumb\":{\"@id\":\"https:\/\/deibele.eu\/rastadt\/holocoust-in-southern-ukraine\/#breadcrumb\"},\"inLanguage\":\"de\",\"potentialAction\":[{\"@type\":\"ReadAction\",\"target\":[\"https:\/\/deibele.eu\/rastadt\/holocoust-in-southern-ukraine\/\"]}]},{\"@type\":\"BreadcrumbList\",\"@id\":\"https:\/\/deibele.eu\/rastadt\/holocoust-in-southern-ukraine\/#breadcrumb\",\"itemListElement\":[{\"@type\":\"ListItem\",\"position\":1,\"name\":\"Startseite\",\"item\":\"https:\/\/deibele.eu\/rastadt\/\"},{\"@type\":\"ListItem\",\"position\":2,\"name\":\"Holocoust in Southern Ukraine\"}]},{\"@type\":\"WebSite\",\"@id\":\"https:\/\/deibele.eu\/rastadt\/#website\",\"url\":\"https:\/\/deibele.eu\/rastadt\/\",\"name\":\"Rastadt (Beresan) Ahnenforschung\",\"description\":\"Familien und Ortspl\u00e4ne, Geschichte\",\"potentialAction\":[{\"@type\":\"SearchAction\",\"target\":{\"@type\":\"EntryPoint\",\"urlTemplate\":\"https:\/\/deibele.eu\/rastadt\/?s={search_term_string}\"},\"query-input\":\"required name=search_term_string\"}],\"inLanguage\":\"de\"}]}<\/script>\n<!-- \/ Yoast SEO plugin. -->","yoast_head_json":{"title":"Holocoust in Southern Ukraine - Rastadt (Beresan) Ahnenforschung","description":"Rastadt (Beresan), Holocoust in Rastadt, Beteiligung des Selbstschutzes an den NS-Verbrechen, \"Aktion 1005\" - Spurenbeseitigung von NS-Massenverbrechen","robots":{"index":"index","follow":"follow","max-snippet":"max-snippet:-1","max-image-preview":"max-image-preview:large","max-video-preview":"max-video-preview:-1"},"canonical":"https:\/\/deibele.eu\/rastadt\/holocoust-in-southern-ukraine\/","og_locale":"de_DE","og_type":"article","og_title":"Holocoust in Southern Ukraine - Rastadt (Beresan) Ahnenforschung","og_description":"Rastadt (Beresan), Holocoust in Rastadt, Beteiligung des Selbstschutzes an den NS-Verbrechen, \"Aktion 1005\" - Spurenbeseitigung von NS-Massenverbrechen","og_url":"https:\/\/deibele.eu\/rastadt\/holocoust-in-southern-ukraine\/","og_site_name":"Rastadt (Beresan) Ahnenforschung","article_modified_time":"2020-12-11T13:34:16+00:00","twitter_card":"summary_large_image","twitter_misc":{"Gesch\u00e4tzte Lesezeit":"5\u00a0Minuten"},"schema":{"@context":"https:\/\/schema.org","@graph":[{"@type":"WebPage","@id":"https:\/\/deibele.eu\/rastadt\/holocoust-in-southern-ukraine\/","url":"https:\/\/deibele.eu\/rastadt\/holocoust-in-southern-ukraine\/","name":"Holocoust in Southern Ukraine - Rastadt (Beresan) Ahnenforschung","isPartOf":{"@id":"https:\/\/deibele.eu\/rastadt\/#website"},"datePublished":"2020-12-04T23:21:58+00:00","dateModified":"2020-12-11T13:34:16+00:00","description":"Rastadt (Beresan), Holocoust in Rastadt, Beteiligung des Selbstschutzes an den NS-Verbrechen, \"Aktion 1005\" - Spurenbeseitigung von NS-Massenverbrechen","breadcrumb":{"@id":"https:\/\/deibele.eu\/rastadt\/holocoust-in-southern-ukraine\/#breadcrumb"},"inLanguage":"de","potentialAction":[{"@type":"ReadAction","target":["https:\/\/deibele.eu\/rastadt\/holocoust-in-southern-ukraine\/"]}]},{"@type":"BreadcrumbList","@id":"https:\/\/deibele.eu\/rastadt\/holocoust-in-southern-ukraine\/#breadcrumb","itemListElement":[{"@type":"ListItem","position":1,"name":"Startseite","item":"https:\/\/deibele.eu\/rastadt\/"},{"@type":"ListItem","position":2,"name":"Holocoust in Southern Ukraine"}]},{"@type":"WebSite","@id":"https:\/\/deibele.eu\/rastadt\/#website","url":"https:\/\/deibele.eu\/rastadt\/","name":"Rastadt (Beresan) Ahnenforschung","description":"Familien und Ortspl\u00e4ne, Geschichte","potentialAction":[{"@type":"SearchAction","target":{"@type":"EntryPoint","urlTemplate":"https:\/\/deibele.eu\/rastadt\/?s={search_term_string}"},"query-input":"required name=search_term_string"}],"inLanguage":"de"}]}},"_links":{"self":[{"href":"https:\/\/deibele.eu\/rastadt\/wp-json\/wp\/v2\/pages\/443"}],"collection":[{"href":"https:\/\/deibele.eu\/rastadt\/wp-json\/wp\/v2\/pages"}],"about":[{"href":"https:\/\/deibele.eu\/rastadt\/wp-json\/wp\/v2\/types\/page"}],"author":[{"embeddable":true,"href":"https:\/\/deibele.eu\/rastadt\/wp-json\/wp\/v2\/users\/1"}],"replies":[{"embeddable":true,"href":"https:\/\/deibele.eu\/rastadt\/wp-json\/wp\/v2\/comments?post=443"}],"version-history":[{"count":44,"href":"https:\/\/deibele.eu\/rastadt\/wp-json\/wp\/v2\/pages\/443\/revisions"}],"predecessor-version":[{"id":839,"href":"https:\/\/deibele.eu\/rastadt\/wp-json\/wp\/v2\/pages\/443\/revisions\/839"}],"wp:attachment":[{"href":"https:\/\/deibele.eu\/rastadt\/wp-json\/wp\/v2\/media?parent=443"}],"curies":[{"name":"wp","href":"https:\/\/api.w.org\/{rel}","templated":true}]}}