{"id":727,"date":"2020-12-09T01:08:32","date_gmt":"2020-12-09T00:08:32","guid":{"rendered":"https:\/\/deibele.eu\/rastadt\/?page_id=727"},"modified":"2020-12-09T01:25:34","modified_gmt":"2020-12-09T00:25:34","slug":"im-warthegau","status":"publish","type":"page","link":"https:\/\/deibele.eu\/rastadt\/im-warthegau\/","title":{"rendered":"Im Warthegau"},"content":{"rendered":"<p><strong>Quelle<\/strong>: <a href=\"http:\/\/www.migrazioni.altervista.org\/deu\/3deutsche_in_russland\/07_20jahrhundert\/6.00_umsiedlung_schw.html\">http:\/\/www.migrazioni.altervista.org\/deu\/3deutsche_in_russland\/07_20jahrhundert\/6.00_umsiedlung_schw.html<\/a><\/p>\n<blockquote><p>Im Warthegau erwartete die Umsiedler, die jetzt &#8222;Volksdeutsche&#8220; genannt wurden, gettoartige mit Stacheldraht umz\u00e4unte Lager, die von der SS bewacht wurden. Nach der Ankunft wurden die Menschen zuerst entlaust und die Kleidung desinfiziert. Eine Umsiedlungskommission registrierte alle Neuzug\u00e4nge nach Herkunftsort, Familienstand, Beruf und Religion.<\/p>\n<p>In den Lagern konnte man sich einb\u00fcrgern lassen. Bis Kriegsende hatten die meisten von ihnen die deutsche Staatsb\u00fcrgerschaft verliehen bekommen. Entsprechend den angegebenen Berufen wurden die Familien auf umliegende D\u00f6rfer verteilt, wo sie bei deutschen Bauern als Landarbeiter eingesetzt wurden. Die wehrf\u00e4higen M\u00e4nner wurden zur Wehrmacht, \u00fcberwiegend aber zur Waffen-SS eingezogen und kamen nach kurzer Ausbildung an der Ostrfront zum Einsatz.<\/p>\n<p>Im Umsiedlungslager mussten die Schwarzmeerdeutschen jedoch erkennen, dass sie nicht nur ihre H\u00e4user veloren hatten sondern, dass sie auch betrogen worden waren: ihnen wurden die Tiere genommen, die sie \u00fcber tausende Kilometer mitgef\u00fchrt hatten und was noch schlimmer war den Bauernstolz: die Pferdegespanne.<\/p><\/blockquote>\n<p>&nbsp;<\/p>\n","protected":false},"excerpt":{"rendered":"<p>Quelle: http:\/\/www.migrazioni.altervista.org\/deu\/3deutsche_in_russland\/07_20jahrhundert\/6.00_umsiedlung_schw.html Im Warthegau erwartete die Umsiedler, die jetzt &#8222;Volksdeutsche&#8220; genannt wurden, gettoartige mit Stacheldraht umz\u00e4unte Lager, die von der SS bewacht wurden. Nach der Ankunft wurden die Menschen zuerst entlaust und die Kleidung desinfiziert. Eine Umsiedlungskommission registrierte alle Neuzug\u00e4nge nach Herkunftsort, Familienstand, Beruf und Religion. In den Lagern konnte\u2026<\/p>\n<p class=\"continue-reading-button\"> <a class=\"continue-reading-link\" href=\"https:\/\/deibele.eu\/rastadt\/im-warthegau\/\">Continue reading<i class=\"crycon-right-dir\"><\/i><\/a><\/p>\n","protected":false},"author":1,"featured_media":0,"parent":0,"menu_order":0,"comment_status":"closed","ping_status":"closed","template":"","meta":{"ngg_post_thumbnail":0,"footnotes":""},"yoast_head":"<!-- This site is optimized with the Yoast SEO plugin v22.0 - https:\/\/yoast.com\/wordpress\/plugins\/seo\/ -->\n<title>Im Warthegau - Rastadt (Beresan) Ahnenforschung<\/title>\n<meta name=\"robots\" content=\"index, follow, max-snippet:-1, max-image-preview:large, max-video-preview:-1\" \/>\n<link rel=\"canonical\" href=\"https:\/\/deibele.eu\/rastadt\/im-warthegau\/\" \/>\n<meta property=\"og:locale\" content=\"de_DE\" \/>\n<meta property=\"og:type\" content=\"article\" \/>\n<meta property=\"og:title\" content=\"Im Warthegau - Rastadt (Beresan) Ahnenforschung\" \/>\n<meta property=\"og:description\" content=\"Quelle: http:\/\/www.migrazioni.altervista.org\/deu\/3deutsche_in_russland\/07_20jahrhundert\/6.00_umsiedlung_schw.html Im Warthegau erwartete die Umsiedler, die jetzt &#8222;Volksdeutsche&#8220; genannt wurden, gettoartige mit Stacheldraht umz\u00e4unte Lager, die von der SS bewacht wurden. Nach der Ankunft wurden die Menschen zuerst entlaust und die Kleidung desinfiziert. Eine Umsiedlungskommission registrierte alle Neuzug\u00e4nge nach Herkunftsort, Familienstand, Beruf und Religion. In den Lagern konnte\u2026 Continue reading\" \/>\n<meta property=\"og:url\" content=\"https:\/\/deibele.eu\/rastadt\/im-warthegau\/\" \/>\n<meta property=\"og:site_name\" content=\"Rastadt (Beresan) Ahnenforschung\" \/>\n<meta property=\"article:modified_time\" content=\"2020-12-09T00:25:34+00:00\" \/>\n<meta name=\"twitter:card\" content=\"summary_large_image\" \/>\n<meta name=\"twitter:label1\" content=\"Gesch\u00e4tzte Lesezeit\" \/>\n\t<meta name=\"twitter:data1\" content=\"1\u00a0Minute\" \/>\n<script type=\"application\/ld+json\" class=\"yoast-schema-graph\">{\"@context\":\"https:\/\/schema.org\",\"@graph\":[{\"@type\":\"WebPage\",\"@id\":\"https:\/\/deibele.eu\/rastadt\/im-warthegau\/\",\"url\":\"https:\/\/deibele.eu\/rastadt\/im-warthegau\/\",\"name\":\"Im Warthegau - Rastadt (Beresan) Ahnenforschung\",\"isPartOf\":{\"@id\":\"https:\/\/deibele.eu\/rastadt\/#website\"},\"datePublished\":\"2020-12-09T00:08:32+00:00\",\"dateModified\":\"2020-12-09T00:25:34+00:00\",\"breadcrumb\":{\"@id\":\"https:\/\/deibele.eu\/rastadt\/im-warthegau\/#breadcrumb\"},\"inLanguage\":\"de\",\"potentialAction\":[{\"@type\":\"ReadAction\",\"target\":[\"https:\/\/deibele.eu\/rastadt\/im-warthegau\/\"]}]},{\"@type\":\"BreadcrumbList\",\"@id\":\"https:\/\/deibele.eu\/rastadt\/im-warthegau\/#breadcrumb\",\"itemListElement\":[{\"@type\":\"ListItem\",\"position\":1,\"name\":\"Startseite\",\"item\":\"https:\/\/deibele.eu\/rastadt\/\"},{\"@type\":\"ListItem\",\"position\":2,\"name\":\"Im Warthegau\"}]},{\"@type\":\"WebSite\",\"@id\":\"https:\/\/deibele.eu\/rastadt\/#website\",\"url\":\"https:\/\/deibele.eu\/rastadt\/\",\"name\":\"Rastadt (Beresan) Ahnenforschung\",\"description\":\"Familien und Ortspl\u00e4ne, Geschichte\",\"potentialAction\":[{\"@type\":\"SearchAction\",\"target\":{\"@type\":\"EntryPoint\",\"urlTemplate\":\"https:\/\/deibele.eu\/rastadt\/?s={search_term_string}\"},\"query-input\":\"required name=search_term_string\"}],\"inLanguage\":\"de\"}]}<\/script>\n<!-- \/ Yoast SEO plugin. -->","yoast_head_json":{"title":"Im Warthegau - Rastadt (Beresan) Ahnenforschung","robots":{"index":"index","follow":"follow","max-snippet":"max-snippet:-1","max-image-preview":"max-image-preview:large","max-video-preview":"max-video-preview:-1"},"canonical":"https:\/\/deibele.eu\/rastadt\/im-warthegau\/","og_locale":"de_DE","og_type":"article","og_title":"Im Warthegau - Rastadt (Beresan) Ahnenforschung","og_description":"Quelle: http:\/\/www.migrazioni.altervista.org\/deu\/3deutsche_in_russland\/07_20jahrhundert\/6.00_umsiedlung_schw.html Im Warthegau erwartete die Umsiedler, die jetzt &#8222;Volksdeutsche&#8220; genannt wurden, gettoartige mit Stacheldraht umz\u00e4unte Lager, die von der SS bewacht wurden. Nach der Ankunft wurden die Menschen zuerst entlaust und die Kleidung desinfiziert. Eine Umsiedlungskommission registrierte alle Neuzug\u00e4nge nach Herkunftsort, Familienstand, Beruf und Religion. In den Lagern konnte\u2026 Continue reading","og_url":"https:\/\/deibele.eu\/rastadt\/im-warthegau\/","og_site_name":"Rastadt (Beresan) Ahnenforschung","article_modified_time":"2020-12-09T00:25:34+00:00","twitter_card":"summary_large_image","twitter_misc":{"Gesch\u00e4tzte Lesezeit":"1\u00a0Minute"},"schema":{"@context":"https:\/\/schema.org","@graph":[{"@type":"WebPage","@id":"https:\/\/deibele.eu\/rastadt\/im-warthegau\/","url":"https:\/\/deibele.eu\/rastadt\/im-warthegau\/","name":"Im Warthegau - Rastadt (Beresan) Ahnenforschung","isPartOf":{"@id":"https:\/\/deibele.eu\/rastadt\/#website"},"datePublished":"2020-12-09T00:08:32+00:00","dateModified":"2020-12-09T00:25:34+00:00","breadcrumb":{"@id":"https:\/\/deibele.eu\/rastadt\/im-warthegau\/#breadcrumb"},"inLanguage":"de","potentialAction":[{"@type":"ReadAction","target":["https:\/\/deibele.eu\/rastadt\/im-warthegau\/"]}]},{"@type":"BreadcrumbList","@id":"https:\/\/deibele.eu\/rastadt\/im-warthegau\/#breadcrumb","itemListElement":[{"@type":"ListItem","position":1,"name":"Startseite","item":"https:\/\/deibele.eu\/rastadt\/"},{"@type":"ListItem","position":2,"name":"Im Warthegau"}]},{"@type":"WebSite","@id":"https:\/\/deibele.eu\/rastadt\/#website","url":"https:\/\/deibele.eu\/rastadt\/","name":"Rastadt (Beresan) Ahnenforschung","description":"Familien und Ortspl\u00e4ne, Geschichte","potentialAction":[{"@type":"SearchAction","target":{"@type":"EntryPoint","urlTemplate":"https:\/\/deibele.eu\/rastadt\/?s={search_term_string}"},"query-input":"required name=search_term_string"}],"inLanguage":"de"}]}},"_links":{"self":[{"href":"https:\/\/deibele.eu\/rastadt\/wp-json\/wp\/v2\/pages\/727"}],"collection":[{"href":"https:\/\/deibele.eu\/rastadt\/wp-json\/wp\/v2\/pages"}],"about":[{"href":"https:\/\/deibele.eu\/rastadt\/wp-json\/wp\/v2\/types\/page"}],"author":[{"embeddable":true,"href":"https:\/\/deibele.eu\/rastadt\/wp-json\/wp\/v2\/users\/1"}],"replies":[{"embeddable":true,"href":"https:\/\/deibele.eu\/rastadt\/wp-json\/wp\/v2\/comments?post=727"}],"version-history":[{"count":6,"href":"https:\/\/deibele.eu\/rastadt\/wp-json\/wp\/v2\/pages\/727\/revisions"}],"predecessor-version":[{"id":742,"href":"https:\/\/deibele.eu\/rastadt\/wp-json\/wp\/v2\/pages\/727\/revisions\/742"}],"wp:attachment":[{"href":"https:\/\/deibele.eu\/rastadt\/wp-json\/wp\/v2\/media?parent=727"}],"curies":[{"name":"wp","href":"https:\/\/api.w.org\/{rel}","templated":true}]}}