{"id":827,"date":"2020-12-10T17:44:48","date_gmt":"2020-12-10T16:44:48","guid":{"rendered":"https:\/\/deibele.eu\/rastadt\/?page_id=827"},"modified":"2020-12-10T18:13:27","modified_gmt":"2020-12-10T17:13:27","slug":"die-ersten-einwanderer","status":"publish","type":"page","link":"https:\/\/deibele.eu\/rastadt\/die-ersten-einwanderer\/","title":{"rendered":"Die ersten Einwanderer"},"content":{"rendered":"<p>Die Deutsche Auswanderung Nach Russland 1763-1862 (E. Wise)<br \/>\nQuelle: Published by the Odessa Digital Library &#8211; 2 May 1999<br \/>\n<a href=\"http:\/\/pixel.cs.vt.edu\/library\/odessa.html\">http:\/\/pixel.cs.vt.edu\/library\/odessa.html<\/a><\/p>\n<table style=\"border-collapse: collapse; width: 100%;\">\n<tbody>\n<tr>\n<td style=\"width: 50%;\"><a href=\"https:\/\/deibele.eu\/rastadt\/wp-content\/uploads\/2020\/12\/rastadt-einwanderer.pdf\"><img loading=\"lazy\" decoding=\"async\" class=\"alignnone size-full wp-image-832\" src=\"https:\/\/deibele.eu\/rastadt\/wp-content\/uploads\/2020\/12\/rastadt-einwanderer.jpg\" alt=\"\" width=\"600\" height=\"512\" srcset=\"https:\/\/deibele.eu\/rastadt\/wp-content\/uploads\/2020\/12\/rastadt-einwanderer.jpg 600w, https:\/\/deibele.eu\/rastadt\/wp-content\/uploads\/2020\/12\/rastadt-einwanderer-300x256.jpg 300w, https:\/\/deibele.eu\/rastadt\/wp-content\/uploads\/2020\/12\/rastadt-einwanderer-176x150.jpg 176w, https:\/\/deibele.eu\/rastadt\/wp-content\/uploads\/2020\/12\/rastadt-einwanderer-150x128.jpg 150w\" sizes=\"(max-width: 600px) 100vw, 600px\" \/><\/a><\/td>\n<td style=\"width: 50%; vertical-align: middle;\">Die Liste &#8222;Die Deutsche Auswanderung Nach Russland 1763-1862 (E. Wise)&#8220; wurde ge\u00e4ndert.<\/p>\n<p>In der ge\u00e4nderten Fassung werden nur die <strong>Einwanderer, die nach Rastadt<\/strong> gingen, aufgef\u00fchrt.<\/p>\n<p><a href=\"https:\/\/deibele.eu\/rastadt\/wp-content\/uploads\/2020\/12\/rastadt-einwanderer.pdf\">Download<\/a><\/td>\n<\/tr>\n<\/tbody>\n<\/table>\n<p>&nbsp;<\/p>\n<p>&nbsp;<\/p>\n","protected":false},"excerpt":{"rendered":"<p>Die Deutsche Auswanderung Nach Russland 1763-1862 (E. Wise) Quelle: Published by the Odessa Digital Library &#8211; 2 May 1999 http:\/\/pixel.cs.vt.edu\/library\/odessa.html Die Liste &#8222;Die Deutsche Auswanderung Nach Russland 1763-1862 (E. Wise)&#8220; wurde ge\u00e4ndert. In der ge\u00e4nderten Fassung werden nur die Einwanderer, die nach Rastadt gingen, aufgef\u00fchrt. Download &nbsp; &nbsp;<\/p>\n<p class=\"continue-reading-button\"> <a class=\"continue-reading-link\" href=\"https:\/\/deibele.eu\/rastadt\/die-ersten-einwanderer\/\">Continue reading<i class=\"crycon-right-dir\"><\/i><\/a><\/p>\n","protected":false},"author":1,"featured_media":0,"parent":0,"menu_order":0,"comment_status":"closed","ping_status":"closed","template":"","meta":{"ngg_post_thumbnail":0,"footnotes":""},"yoast_head":"<!-- This site is optimized with the Yoast SEO plugin v22.0 - https:\/\/yoast.com\/wordpress\/plugins\/seo\/ -->\n<title>Die ersten Einwanderer - Rastadt (Beresan) Ahnenforschung<\/title>\n<meta name=\"robots\" content=\"index, follow, max-snippet:-1, max-image-preview:large, max-video-preview:-1\" \/>\n<link rel=\"canonical\" href=\"https:\/\/deibele.eu\/rastadt\/die-ersten-einwanderer\/\" \/>\n<meta property=\"og:locale\" content=\"de_DE\" \/>\n<meta property=\"og:type\" content=\"article\" \/>\n<meta property=\"og:title\" content=\"Die ersten Einwanderer - Rastadt (Beresan) Ahnenforschung\" \/>\n<meta property=\"og:description\" content=\"Die Deutsche Auswanderung Nach Russland 1763-1862 (E. Wise) Quelle: Published by the Odessa Digital Library &#8211; 2 May 1999 http:\/\/pixel.cs.vt.edu\/library\/odessa.html Die Liste &#8222;Die Deutsche Auswanderung Nach Russland 1763-1862 (E. Wise)&#8220; wurde ge\u00e4ndert. In der ge\u00e4nderten Fassung werden nur die Einwanderer, die nach Rastadt gingen, aufgef\u00fchrt. Download &nbsp; &nbsp; Continue reading\" \/>\n<meta property=\"og:url\" content=\"https:\/\/deibele.eu\/rastadt\/die-ersten-einwanderer\/\" \/>\n<meta property=\"og:site_name\" content=\"Rastadt (Beresan) Ahnenforschung\" \/>\n<meta property=\"article:modified_time\" content=\"2020-12-10T17:13:27+00:00\" \/>\n<meta property=\"og:image\" content=\"https:\/\/deibele.eu\/rastadt\/wp-content\/uploads\/2020\/12\/rastadt-einwanderer.jpg\" \/>\n<meta name=\"twitter:card\" content=\"summary_large_image\" \/>\n<script type=\"application\/ld+json\" class=\"yoast-schema-graph\">{\"@context\":\"https:\/\/schema.org\",\"@graph\":[{\"@type\":\"WebPage\",\"@id\":\"https:\/\/deibele.eu\/rastadt\/die-ersten-einwanderer\/\",\"url\":\"https:\/\/deibele.eu\/rastadt\/die-ersten-einwanderer\/\",\"name\":\"Die ersten Einwanderer - Rastadt (Beresan) Ahnenforschung\",\"isPartOf\":{\"@id\":\"https:\/\/deibele.eu\/rastadt\/#website\"},\"datePublished\":\"2020-12-10T16:44:48+00:00\",\"dateModified\":\"2020-12-10T17:13:27+00:00\",\"breadcrumb\":{\"@id\":\"https:\/\/deibele.eu\/rastadt\/die-ersten-einwanderer\/#breadcrumb\"},\"inLanguage\":\"de\",\"potentialAction\":[{\"@type\":\"ReadAction\",\"target\":[\"https:\/\/deibele.eu\/rastadt\/die-ersten-einwanderer\/\"]}]},{\"@type\":\"BreadcrumbList\",\"@id\":\"https:\/\/deibele.eu\/rastadt\/die-ersten-einwanderer\/#breadcrumb\",\"itemListElement\":[{\"@type\":\"ListItem\",\"position\":1,\"name\":\"Startseite\",\"item\":\"https:\/\/deibele.eu\/rastadt\/\"},{\"@type\":\"ListItem\",\"position\":2,\"name\":\"Die ersten Einwanderer\"}]},{\"@type\":\"WebSite\",\"@id\":\"https:\/\/deibele.eu\/rastadt\/#website\",\"url\":\"https:\/\/deibele.eu\/rastadt\/\",\"name\":\"Rastadt (Beresan) Ahnenforschung\",\"description\":\"Familien und Ortspl\u00e4ne, Geschichte\",\"potentialAction\":[{\"@type\":\"SearchAction\",\"target\":{\"@type\":\"EntryPoint\",\"urlTemplate\":\"https:\/\/deibele.eu\/rastadt\/?s={search_term_string}\"},\"query-input\":\"required name=search_term_string\"}],\"inLanguage\":\"de\"}]}<\/script>\n<!-- \/ Yoast SEO plugin. -->","yoast_head_json":{"title":"Die ersten Einwanderer - Rastadt (Beresan) Ahnenforschung","robots":{"index":"index","follow":"follow","max-snippet":"max-snippet:-1","max-image-preview":"max-image-preview:large","max-video-preview":"max-video-preview:-1"},"canonical":"https:\/\/deibele.eu\/rastadt\/die-ersten-einwanderer\/","og_locale":"de_DE","og_type":"article","og_title":"Die ersten Einwanderer - Rastadt (Beresan) Ahnenforschung","og_description":"Die Deutsche Auswanderung Nach Russland 1763-1862 (E. Wise) Quelle: Published by the Odessa Digital Library &#8211; 2 May 1999 http:\/\/pixel.cs.vt.edu\/library\/odessa.html Die Liste &#8222;Die Deutsche Auswanderung Nach Russland 1763-1862 (E. Wise)&#8220; wurde ge\u00e4ndert. In der ge\u00e4nderten Fassung werden nur die Einwanderer, die nach Rastadt gingen, aufgef\u00fchrt. Download &nbsp; &nbsp; Continue reading","og_url":"https:\/\/deibele.eu\/rastadt\/die-ersten-einwanderer\/","og_site_name":"Rastadt (Beresan) Ahnenforschung","article_modified_time":"2020-12-10T17:13:27+00:00","og_image":[{"url":"https:\/\/deibele.eu\/rastadt\/wp-content\/uploads\/2020\/12\/rastadt-einwanderer.jpg"}],"twitter_card":"summary_large_image","schema":{"@context":"https:\/\/schema.org","@graph":[{"@type":"WebPage","@id":"https:\/\/deibele.eu\/rastadt\/die-ersten-einwanderer\/","url":"https:\/\/deibele.eu\/rastadt\/die-ersten-einwanderer\/","name":"Die ersten Einwanderer - Rastadt (Beresan) Ahnenforschung","isPartOf":{"@id":"https:\/\/deibele.eu\/rastadt\/#website"},"datePublished":"2020-12-10T16:44:48+00:00","dateModified":"2020-12-10T17:13:27+00:00","breadcrumb":{"@id":"https:\/\/deibele.eu\/rastadt\/die-ersten-einwanderer\/#breadcrumb"},"inLanguage":"de","potentialAction":[{"@type":"ReadAction","target":["https:\/\/deibele.eu\/rastadt\/die-ersten-einwanderer\/"]}]},{"@type":"BreadcrumbList","@id":"https:\/\/deibele.eu\/rastadt\/die-ersten-einwanderer\/#breadcrumb","itemListElement":[{"@type":"ListItem","position":1,"name":"Startseite","item":"https:\/\/deibele.eu\/rastadt\/"},{"@type":"ListItem","position":2,"name":"Die ersten Einwanderer"}]},{"@type":"WebSite","@id":"https:\/\/deibele.eu\/rastadt\/#website","url":"https:\/\/deibele.eu\/rastadt\/","name":"Rastadt (Beresan) Ahnenforschung","description":"Familien und Ortspl\u00e4ne, Geschichte","potentialAction":[{"@type":"SearchAction","target":{"@type":"EntryPoint","urlTemplate":"https:\/\/deibele.eu\/rastadt\/?s={search_term_string}"},"query-input":"required name=search_term_string"}],"inLanguage":"de"}]}},"_links":{"self":[{"href":"https:\/\/deibele.eu\/rastadt\/wp-json\/wp\/v2\/pages\/827"}],"collection":[{"href":"https:\/\/deibele.eu\/rastadt\/wp-json\/wp\/v2\/pages"}],"about":[{"href":"https:\/\/deibele.eu\/rastadt\/wp-json\/wp\/v2\/types\/page"}],"author":[{"embeddable":true,"href":"https:\/\/deibele.eu\/rastadt\/wp-json\/wp\/v2\/users\/1"}],"replies":[{"embeddable":true,"href":"https:\/\/deibele.eu\/rastadt\/wp-json\/wp\/v2\/comments?post=827"}],"version-history":[{"count":8,"href":"https:\/\/deibele.eu\/rastadt\/wp-json\/wp\/v2\/pages\/827\/revisions"}],"predecessor-version":[{"id":838,"href":"https:\/\/deibele.eu\/rastadt\/wp-json\/wp\/v2\/pages\/827\/revisions\/838"}],"wp:attachment":[{"href":"https:\/\/deibele.eu\/rastadt\/wp-json\/wp\/v2\/media?parent=827"}],"curies":[{"name":"wp","href":"https:\/\/api.w.org\/{rel}","templated":true}]}}