{"id":907,"date":"2020-12-16T19:40:51","date_gmt":"2020-12-16T18:40:51","guid":{"rendered":"https:\/\/deibele.eu\/rastadt\/?page_id=907"},"modified":"2020-12-17T12:12:45","modified_gmt":"2020-12-17T11:12:45","slug":"priesterjubilaeum-1900","status":"publish","type":"page","link":"https:\/\/deibele.eu\/rastadt\/priesterjubilaeum-1900\/","title":{"rendered":"Priesterjubil\u00e4um 1900"},"content":{"rendered":"<p>Hier sind 2 Links zu einem Artikel zum<strong> 25. Priesterjubil\u00e4um von Pfarrer Georg Str\u00f6mel aus Rastadt<\/strong>,<br \/>\n(einmal als Abschrift und einmal im Original.)<\/p>\n<p>Diesen und so manchen anderen Hinweis verdanke ich der Mitarbeit von Manuela Reis, ebenfalls Ahnenforscherin.<\/p>\n<table style=\"border-collapse: collapse; width: 100%;\">\n<tbody>\n<tr>\n<td style=\"width: 50%;\">&nbsp;<a href=\"https:\/\/wolgadeutsche.net\/bibliothek\/klemens\/Eine_seltene_Jubelfeier.pdf\"><img loading=\"lazy\" decoding=\"async\" class=\"alignnone size-full wp-image-912\" src=\"https:\/\/deibele.eu\/rastadt\/wp-content\/uploads\/2020\/12\/stroemel-02.jpg\" alt=\"\" width=\"600\" height=\"189\" srcset=\"https:\/\/deibele.eu\/rastadt\/wp-content\/uploads\/2020\/12\/stroemel-02.jpg 600w, https:\/\/deibele.eu\/rastadt\/wp-content\/uploads\/2020\/12\/stroemel-02-300x95.jpg 300w, https:\/\/deibele.eu\/rastadt\/wp-content\/uploads\/2020\/12\/stroemel-02-250x79.jpg 250w, https:\/\/deibele.eu\/rastadt\/wp-content\/uploads\/2020\/12\/stroemel-02-150x47.jpg 150w\" sizes=\"(max-width: 600px) 100vw, 600px\" \/><\/a><\/td>\n<td style=\"width: 50%; vertical-align: middle;\">Quelle:<br \/>\n<a href=\"https:\/\/wolgadeutsche.net\/bibliothek\/klemens\/Eine_seltene_Jubelfeier.pdf\">https:\/\/wolgadeutsche.net\/bibliothek\/klemens\/Eine_seltene_Jubelfeier.pdf<\/a><\/td>\n<\/tr>\n<tr>\n<td style=\"width: 50%;\"><a href=\"https:\/\/wolgadeutsche.net\/artikel\/Klemens\/4\/Klemens_1900_1901_6.pdf\"><img loading=\"lazy\" decoding=\"async\" class=\"alignnone size-full wp-image-911\" src=\"https:\/\/deibele.eu\/rastadt\/wp-content\/uploads\/2020\/12\/stroemel-01.jpg\" alt=\"\" width=\"600\" height=\"329\" srcset=\"https:\/\/deibele.eu\/rastadt\/wp-content\/uploads\/2020\/12\/stroemel-01.jpg 600w, https:\/\/deibele.eu\/rastadt\/wp-content\/uploads\/2020\/12\/stroemel-01-300x165.jpg 300w, https:\/\/deibele.eu\/rastadt\/wp-content\/uploads\/2020\/12\/stroemel-01-250x137.jpg 250w, https:\/\/deibele.eu\/rastadt\/wp-content\/uploads\/2020\/12\/stroemel-01-150x82.jpg 150w\" sizes=\"(max-width: 600px) 100vw, 600px\" \/><\/a><\/td>\n<td style=\"width: 50%; vertical-align: middle;\">Quelle:<br \/>\n<a href=\"https:\/\/wolgadeutsche.net\/artikel\/Klemens\/4\/Klemens_1900_1901_6.pdf\">https:\/\/wolgadeutsche.net\/artikel\/Klemens\/4\/Klemens_1900_1901_6.pdf<\/a><\/td>\n<\/tr>\n<\/tbody>\n<\/table>\n","protected":false},"excerpt":{"rendered":"<p>Hier sind 2 Links zu einem Artikel zum 25. Priesterjubil\u00e4um von Pfarrer Georg Str\u00f6mel aus Rastadt, (einmal als Abschrift und einmal im Original.) Diesen und so manchen anderen Hinweis verdanke ich der Mitarbeit von Manuela Reis, ebenfalls Ahnenforscherin. &nbsp; Quelle: https:\/\/wolgadeutsche.net\/bibliothek\/klemens\/Eine_seltene_Jubelfeier.pdf Quelle: https:\/\/wolgadeutsche.net\/artikel\/Klemens\/4\/Klemens_1900_1901_6.pdf<\/p>\n<p class=\"continue-reading-button\"> <a class=\"continue-reading-link\" href=\"https:\/\/deibele.eu\/rastadt\/priesterjubilaeum-1900\/\">Continue reading<i class=\"crycon-right-dir\"><\/i><\/a><\/p>\n","protected":false},"author":1,"featured_media":0,"parent":0,"menu_order":0,"comment_status":"closed","ping_status":"closed","template":"","meta":{"ngg_post_thumbnail":0,"footnotes":""},"yoast_head":"<!-- This site is optimized with the Yoast SEO plugin v22.0 - https:\/\/yoast.com\/wordpress\/plugins\/seo\/ -->\n<title>Priesterjubil\u00e4um 1900 - Rastadt (Beresan) Ahnenforschung<\/title>\n<meta name=\"robots\" content=\"index, follow, max-snippet:-1, max-image-preview:large, max-video-preview:-1\" \/>\n<link rel=\"canonical\" href=\"https:\/\/deibele.eu\/rastadt\/priesterjubilaeum-1900\/\" \/>\n<meta property=\"og:locale\" content=\"de_DE\" \/>\n<meta property=\"og:type\" content=\"article\" \/>\n<meta property=\"og:title\" content=\"Priesterjubil\u00e4um 1900 - Rastadt (Beresan) Ahnenforschung\" \/>\n<meta property=\"og:description\" content=\"Hier sind 2 Links zu einem Artikel zum 25. Priesterjubil\u00e4um von Pfarrer Georg Str\u00f6mel aus Rastadt, (einmal als Abschrift und einmal im Original.) Diesen und so manchen anderen Hinweis verdanke ich der Mitarbeit von Manuela Reis, ebenfalls Ahnenforscherin. &nbsp; Quelle: https:\/\/wolgadeutsche.net\/bibliothek\/klemens\/Eine_seltene_Jubelfeier.pdf Quelle: https:\/\/wolgadeutsche.net\/artikel\/Klemens\/4\/Klemens_1900_1901_6.pdf Continue reading\" \/>\n<meta property=\"og:url\" content=\"https:\/\/deibele.eu\/rastadt\/priesterjubilaeum-1900\/\" \/>\n<meta property=\"og:site_name\" content=\"Rastadt (Beresan) Ahnenforschung\" \/>\n<meta property=\"article:modified_time\" content=\"2020-12-17T11:12:45+00:00\" \/>\n<meta property=\"og:image\" content=\"https:\/\/deibele.eu\/rastadt\/wp-content\/uploads\/2020\/12\/stroemel-02.jpg\" \/>\n<meta name=\"twitter:card\" content=\"summary_large_image\" \/>\n<script type=\"application\/ld+json\" class=\"yoast-schema-graph\">{\"@context\":\"https:\/\/schema.org\",\"@graph\":[{\"@type\":\"WebPage\",\"@id\":\"https:\/\/deibele.eu\/rastadt\/priesterjubilaeum-1900\/\",\"url\":\"https:\/\/deibele.eu\/rastadt\/priesterjubilaeum-1900\/\",\"name\":\"Priesterjubil\u00e4um 1900 - Rastadt (Beresan) Ahnenforschung\",\"isPartOf\":{\"@id\":\"https:\/\/deibele.eu\/rastadt\/#website\"},\"datePublished\":\"2020-12-16T18:40:51+00:00\",\"dateModified\":\"2020-12-17T11:12:45+00:00\",\"breadcrumb\":{\"@id\":\"https:\/\/deibele.eu\/rastadt\/priesterjubilaeum-1900\/#breadcrumb\"},\"inLanguage\":\"de\",\"potentialAction\":[{\"@type\":\"ReadAction\",\"target\":[\"https:\/\/deibele.eu\/rastadt\/priesterjubilaeum-1900\/\"]}]},{\"@type\":\"BreadcrumbList\",\"@id\":\"https:\/\/deibele.eu\/rastadt\/priesterjubilaeum-1900\/#breadcrumb\",\"itemListElement\":[{\"@type\":\"ListItem\",\"position\":1,\"name\":\"Startseite\",\"item\":\"https:\/\/deibele.eu\/rastadt\/\"},{\"@type\":\"ListItem\",\"position\":2,\"name\":\"Priesterjubil\u00e4um 1900\"}]},{\"@type\":\"WebSite\",\"@id\":\"https:\/\/deibele.eu\/rastadt\/#website\",\"url\":\"https:\/\/deibele.eu\/rastadt\/\",\"name\":\"Rastadt (Beresan) Ahnenforschung\",\"description\":\"Familien und Ortspl\u00e4ne, Geschichte\",\"potentialAction\":[{\"@type\":\"SearchAction\",\"target\":{\"@type\":\"EntryPoint\",\"urlTemplate\":\"https:\/\/deibele.eu\/rastadt\/?s={search_term_string}\"},\"query-input\":\"required name=search_term_string\"}],\"inLanguage\":\"de\"}]}<\/script>\n<!-- \/ Yoast SEO plugin. -->","yoast_head_json":{"title":"Priesterjubil\u00e4um 1900 - Rastadt (Beresan) Ahnenforschung","robots":{"index":"index","follow":"follow","max-snippet":"max-snippet:-1","max-image-preview":"max-image-preview:large","max-video-preview":"max-video-preview:-1"},"canonical":"https:\/\/deibele.eu\/rastadt\/priesterjubilaeum-1900\/","og_locale":"de_DE","og_type":"article","og_title":"Priesterjubil\u00e4um 1900 - Rastadt (Beresan) Ahnenforschung","og_description":"Hier sind 2 Links zu einem Artikel zum 25. Priesterjubil\u00e4um von Pfarrer Georg Str\u00f6mel aus Rastadt, (einmal als Abschrift und einmal im Original.) Diesen und so manchen anderen Hinweis verdanke ich der Mitarbeit von Manuela Reis, ebenfalls Ahnenforscherin. &nbsp; Quelle: https:\/\/wolgadeutsche.net\/bibliothek\/klemens\/Eine_seltene_Jubelfeier.pdf Quelle: https:\/\/wolgadeutsche.net\/artikel\/Klemens\/4\/Klemens_1900_1901_6.pdf Continue reading","og_url":"https:\/\/deibele.eu\/rastadt\/priesterjubilaeum-1900\/","og_site_name":"Rastadt (Beresan) Ahnenforschung","article_modified_time":"2020-12-17T11:12:45+00:00","og_image":[{"url":"https:\/\/deibele.eu\/rastadt\/wp-content\/uploads\/2020\/12\/stroemel-02.jpg"}],"twitter_card":"summary_large_image","schema":{"@context":"https:\/\/schema.org","@graph":[{"@type":"WebPage","@id":"https:\/\/deibele.eu\/rastadt\/priesterjubilaeum-1900\/","url":"https:\/\/deibele.eu\/rastadt\/priesterjubilaeum-1900\/","name":"Priesterjubil\u00e4um 1900 - Rastadt (Beresan) Ahnenforschung","isPartOf":{"@id":"https:\/\/deibele.eu\/rastadt\/#website"},"datePublished":"2020-12-16T18:40:51+00:00","dateModified":"2020-12-17T11:12:45+00:00","breadcrumb":{"@id":"https:\/\/deibele.eu\/rastadt\/priesterjubilaeum-1900\/#breadcrumb"},"inLanguage":"de","potentialAction":[{"@type":"ReadAction","target":["https:\/\/deibele.eu\/rastadt\/priesterjubilaeum-1900\/"]}]},{"@type":"BreadcrumbList","@id":"https:\/\/deibele.eu\/rastadt\/priesterjubilaeum-1900\/#breadcrumb","itemListElement":[{"@type":"ListItem","position":1,"name":"Startseite","item":"https:\/\/deibele.eu\/rastadt\/"},{"@type":"ListItem","position":2,"name":"Priesterjubil\u00e4um 1900"}]},{"@type":"WebSite","@id":"https:\/\/deibele.eu\/rastadt\/#website","url":"https:\/\/deibele.eu\/rastadt\/","name":"Rastadt (Beresan) Ahnenforschung","description":"Familien und Ortspl\u00e4ne, Geschichte","potentialAction":[{"@type":"SearchAction","target":{"@type":"EntryPoint","urlTemplate":"https:\/\/deibele.eu\/rastadt\/?s={search_term_string}"},"query-input":"required name=search_term_string"}],"inLanguage":"de"}]}},"_links":{"self":[{"href":"https:\/\/deibele.eu\/rastadt\/wp-json\/wp\/v2\/pages\/907"}],"collection":[{"href":"https:\/\/deibele.eu\/rastadt\/wp-json\/wp\/v2\/pages"}],"about":[{"href":"https:\/\/deibele.eu\/rastadt\/wp-json\/wp\/v2\/types\/page"}],"author":[{"embeddable":true,"href":"https:\/\/deibele.eu\/rastadt\/wp-json\/wp\/v2\/users\/1"}],"replies":[{"embeddable":true,"href":"https:\/\/deibele.eu\/rastadt\/wp-json\/wp\/v2\/comments?post=907"}],"version-history":[{"count":8,"href":"https:\/\/deibele.eu\/rastadt\/wp-json\/wp\/v2\/pages\/907\/revisions"}],"predecessor-version":[{"id":918,"href":"https:\/\/deibele.eu\/rastadt\/wp-json\/wp\/v2\/pages\/907\/revisions\/918"}],"wp:attachment":[{"href":"https:\/\/deibele.eu\/rastadt\/wp-json\/wp\/v2\/media?parent=907"}],"curies":[{"name":"wp","href":"https:\/\/api.w.org\/{rel}","templated":true}]}}