{"id":987,"date":"2021-10-12T15:47:38","date_gmt":"2021-10-12T13:47:38","guid":{"rendered":"https:\/\/deibele.eu\/rastadt\/?page_id=987"},"modified":"2021-10-12T16:13:18","modified_gmt":"2021-10-12T14:13:18","slug":"verbrechen-unter-stalin","status":"publish","type":"page","link":"https:\/\/deibele.eu\/rastadt\/verbrechen-unter-stalin\/","title":{"rendered":"Verbrechen unter Stalin"},"content":{"rendered":"<p>&nbsp;<\/p>\n<p><strong>Der folgende Artikel findet sich im Spiegel online \/ 26.08.2021:<\/strong><\/p>\n<h3><a href=\"https:\/\/www.spiegel.de\/ausland\/massengrab-aus-der-aera-von-josef-stalin-in-der-ukraine-entdeckt-a-d3a66413-6fc1-4aad-ad2b-917f65ad0764\">Odessa Massengrab aus Stalin-\u00c4ra in der Ukraine entdeckt<\/a><\/h3>\n<p><strong>Im S\u00fcden des Landes wurden in zwei Dutzend Gr\u00e4bern die Knochen von bis zu 8000 Menschen entdeckt. Es k\u00f6nnten wohl sogar noch mehr sein. Eine Identifizierung der Opfer scheint derzeit unm\u00f6glich.<\/strong><\/p>\n<hr>\n<p>Und noch eine Info zum gleichen&#8217;Thema, diesmal in der \u201eTAZ\u201c vom 26.08.2021 mit genauerem Hinweis auf ermordete Deutsche aus dem Beresan Gebiet.<br \/>\n<strong>Um den Artikel lesen zu k\u00f6nnen, m\u00fcssen Sie die Lesebarriere &#8220; x gerade nicht&#8220; oben rechts wegklicken.<\/strong><\/p>\n<h3><a href=\"https:\/\/taz.de\/Verbrechen-unter-Stalin\/!5791621\/\">Verbrechen unter Stalin &#8211; Gruben des Grauens<\/a><\/h3>\n<p><strong>Nahe der ukrainischen Hafenstadt Odessa finden Experten die \u00dcberreste Tausender Menschen. Sie sollen Opfer des sowjetischen Geheimdienst NKWD sein.<\/strong><\/p>\n","protected":false},"excerpt":{"rendered":"<p>&nbsp; Der folgende Artikel findet sich im Spiegel online \/ 26.08.2021: Odessa Massengrab aus Stalin-\u00c4ra in der Ukraine entdeckt Im S\u00fcden des Landes wurden in zwei Dutzend Gr\u00e4bern die Knochen von bis zu 8000 Menschen entdeckt. Es k\u00f6nnten wohl sogar noch mehr sein. Eine Identifizierung der Opfer scheint derzeit unm\u00f6glich.\u2026<\/p>\n<p class=\"continue-reading-button\"> <a class=\"continue-reading-link\" href=\"https:\/\/deibele.eu\/rastadt\/verbrechen-unter-stalin\/\">Continue reading<i class=\"crycon-right-dir\"><\/i><\/a><\/p>\n","protected":false},"author":1,"featured_media":0,"parent":0,"menu_order":0,"comment_status":"closed","ping_status":"closed","template":"","meta":{"ngg_post_thumbnail":0,"footnotes":""},"yoast_head":"<!-- This site is optimized with the Yoast SEO plugin v22.0 - https:\/\/yoast.com\/wordpress\/plugins\/seo\/ -->\n<title>Verbrechen unter Stalin - Rastadt (Beresan) Ahnenforschung<\/title>\n<meta name=\"description\" content=\"Odessa Massengrab aus Stalin-\u00c4ra in der Ukraine entdeckt. Im S\u00fcden des Landes wurden in zwei Dutzend Gr\u00e4bern die Knochen von bis zu 8000 Menschen entdeckt.\" \/>\n<meta name=\"robots\" content=\"index, follow, max-snippet:-1, max-image-preview:large, max-video-preview:-1\" \/>\n<link rel=\"canonical\" href=\"https:\/\/deibele.eu\/rastadt\/verbrechen-unter-stalin\/\" \/>\n<meta property=\"og:locale\" content=\"de_DE\" \/>\n<meta property=\"og:type\" content=\"article\" \/>\n<meta property=\"og:title\" content=\"Verbrechen unter Stalin - Rastadt (Beresan) Ahnenforschung\" \/>\n<meta property=\"og:description\" content=\"Odessa Massengrab aus Stalin-\u00c4ra in der Ukraine entdeckt. Im S\u00fcden des Landes wurden in zwei Dutzend Gr\u00e4bern die Knochen von bis zu 8000 Menschen entdeckt.\" \/>\n<meta property=\"og:url\" content=\"https:\/\/deibele.eu\/rastadt\/verbrechen-unter-stalin\/\" \/>\n<meta property=\"og:site_name\" content=\"Rastadt (Beresan) Ahnenforschung\" \/>\n<meta property=\"article:modified_time\" content=\"2021-10-12T14:13:18+00:00\" \/>\n<meta name=\"twitter:card\" content=\"summary_large_image\" \/>\n<meta name=\"twitter:label1\" content=\"Gesch\u00e4tzte Lesezeit\" \/>\n\t<meta name=\"twitter:data1\" content=\"1\u00a0Minute\" \/>\n<script type=\"application\/ld+json\" class=\"yoast-schema-graph\">{\"@context\":\"https:\/\/schema.org\",\"@graph\":[{\"@type\":\"WebPage\",\"@id\":\"https:\/\/deibele.eu\/rastadt\/verbrechen-unter-stalin\/\",\"url\":\"https:\/\/deibele.eu\/rastadt\/verbrechen-unter-stalin\/\",\"name\":\"Verbrechen unter Stalin - Rastadt (Beresan) Ahnenforschung\",\"isPartOf\":{\"@id\":\"https:\/\/deibele.eu\/rastadt\/#website\"},\"datePublished\":\"2021-10-12T13:47:38+00:00\",\"dateModified\":\"2021-10-12T14:13:18+00:00\",\"description\":\"Odessa Massengrab aus Stalin-\u00c4ra in der Ukraine entdeckt. Im S\u00fcden des Landes wurden in zwei Dutzend Gr\u00e4bern die Knochen von bis zu 8000 Menschen entdeckt.\",\"breadcrumb\":{\"@id\":\"https:\/\/deibele.eu\/rastadt\/verbrechen-unter-stalin\/#breadcrumb\"},\"inLanguage\":\"de\",\"potentialAction\":[{\"@type\":\"ReadAction\",\"target\":[\"https:\/\/deibele.eu\/rastadt\/verbrechen-unter-stalin\/\"]}]},{\"@type\":\"BreadcrumbList\",\"@id\":\"https:\/\/deibele.eu\/rastadt\/verbrechen-unter-stalin\/#breadcrumb\",\"itemListElement\":[{\"@type\":\"ListItem\",\"position\":1,\"name\":\"Startseite\",\"item\":\"https:\/\/deibele.eu\/rastadt\/\"},{\"@type\":\"ListItem\",\"position\":2,\"name\":\"Verbrechen unter Stalin\"}]},{\"@type\":\"WebSite\",\"@id\":\"https:\/\/deibele.eu\/rastadt\/#website\",\"url\":\"https:\/\/deibele.eu\/rastadt\/\",\"name\":\"Rastadt (Beresan) Ahnenforschung\",\"description\":\"Familien und Ortspl\u00e4ne, Geschichte\",\"potentialAction\":[{\"@type\":\"SearchAction\",\"target\":{\"@type\":\"EntryPoint\",\"urlTemplate\":\"https:\/\/deibele.eu\/rastadt\/?s={search_term_string}\"},\"query-input\":\"required name=search_term_string\"}],\"inLanguage\":\"de\"}]}<\/script>\n<!-- \/ Yoast SEO plugin. -->","yoast_head_json":{"title":"Verbrechen unter Stalin - Rastadt (Beresan) Ahnenforschung","description":"Odessa Massengrab aus Stalin-\u00c4ra in der Ukraine entdeckt. Im S\u00fcden des Landes wurden in zwei Dutzend Gr\u00e4bern die Knochen von bis zu 8000 Menschen entdeckt.","robots":{"index":"index","follow":"follow","max-snippet":"max-snippet:-1","max-image-preview":"max-image-preview:large","max-video-preview":"max-video-preview:-1"},"canonical":"https:\/\/deibele.eu\/rastadt\/verbrechen-unter-stalin\/","og_locale":"de_DE","og_type":"article","og_title":"Verbrechen unter Stalin - Rastadt (Beresan) Ahnenforschung","og_description":"Odessa Massengrab aus Stalin-\u00c4ra in der Ukraine entdeckt. Im S\u00fcden des Landes wurden in zwei Dutzend Gr\u00e4bern die Knochen von bis zu 8000 Menschen entdeckt.","og_url":"https:\/\/deibele.eu\/rastadt\/verbrechen-unter-stalin\/","og_site_name":"Rastadt (Beresan) Ahnenforschung","article_modified_time":"2021-10-12T14:13:18+00:00","twitter_card":"summary_large_image","twitter_misc":{"Gesch\u00e4tzte Lesezeit":"1\u00a0Minute"},"schema":{"@context":"https:\/\/schema.org","@graph":[{"@type":"WebPage","@id":"https:\/\/deibele.eu\/rastadt\/verbrechen-unter-stalin\/","url":"https:\/\/deibele.eu\/rastadt\/verbrechen-unter-stalin\/","name":"Verbrechen unter Stalin - Rastadt (Beresan) Ahnenforschung","isPartOf":{"@id":"https:\/\/deibele.eu\/rastadt\/#website"},"datePublished":"2021-10-12T13:47:38+00:00","dateModified":"2021-10-12T14:13:18+00:00","description":"Odessa Massengrab aus Stalin-\u00c4ra in der Ukraine entdeckt. Im S\u00fcden des Landes wurden in zwei Dutzend Gr\u00e4bern die Knochen von bis zu 8000 Menschen entdeckt.","breadcrumb":{"@id":"https:\/\/deibele.eu\/rastadt\/verbrechen-unter-stalin\/#breadcrumb"},"inLanguage":"de","potentialAction":[{"@type":"ReadAction","target":["https:\/\/deibele.eu\/rastadt\/verbrechen-unter-stalin\/"]}]},{"@type":"BreadcrumbList","@id":"https:\/\/deibele.eu\/rastadt\/verbrechen-unter-stalin\/#breadcrumb","itemListElement":[{"@type":"ListItem","position":1,"name":"Startseite","item":"https:\/\/deibele.eu\/rastadt\/"},{"@type":"ListItem","position":2,"name":"Verbrechen unter Stalin"}]},{"@type":"WebSite","@id":"https:\/\/deibele.eu\/rastadt\/#website","url":"https:\/\/deibele.eu\/rastadt\/","name":"Rastadt (Beresan) Ahnenforschung","description":"Familien und Ortspl\u00e4ne, Geschichte","potentialAction":[{"@type":"SearchAction","target":{"@type":"EntryPoint","urlTemplate":"https:\/\/deibele.eu\/rastadt\/?s={search_term_string}"},"query-input":"required name=search_term_string"}],"inLanguage":"de"}]}},"_links":{"self":[{"href":"https:\/\/deibele.eu\/rastadt\/wp-json\/wp\/v2\/pages\/987"}],"collection":[{"href":"https:\/\/deibele.eu\/rastadt\/wp-json\/wp\/v2\/pages"}],"about":[{"href":"https:\/\/deibele.eu\/rastadt\/wp-json\/wp\/v2\/types\/page"}],"author":[{"embeddable":true,"href":"https:\/\/deibele.eu\/rastadt\/wp-json\/wp\/v2\/users\/1"}],"replies":[{"embeddable":true,"href":"https:\/\/deibele.eu\/rastadt\/wp-json\/wp\/v2\/comments?post=987"}],"version-history":[{"count":10,"href":"https:\/\/deibele.eu\/rastadt\/wp-json\/wp\/v2\/pages\/987\/revisions"}],"predecessor-version":[{"id":998,"href":"https:\/\/deibele.eu\/rastadt\/wp-json\/wp\/v2\/pages\/987\/revisions\/998"}],"wp:attachment":[{"href":"https:\/\/deibele.eu\/rastadt\/wp-json\/wp\/v2\/media?parent=987"}],"curies":[{"name":"wp","href":"https:\/\/api.w.org\/{rel}","templated":true}]}}